{"id":88,"date":"2013-01-31T11:32:55","date_gmt":"2013-01-31T10:32:55","guid":{"rendered":"https:\/\/www.diagonalmarcentre.es\/?page_id=88"},"modified":"2022-09-02T18:04:31","modified_gmt":"2022-09-02T16:04:31","slug":"botigues","status":"publish","type":"page","link":"https:\/\/www.diagonalmarcentre.es\/ca\/botigues\/","title":{"rendered":"Botigues"},"content":{"rendered":"<h3 style=\"text-align: center;\">La millor selecci\u00f3 de botigues de Barcelona<\/h3>\n<div class=\"columns\" style=\"text-align: center;\">\n\nDiagonal Mar compta amb la millor varietat de botigues de Barcelona. En elles podr\u00e0s trobar tots els productes que puguis imaginar, sigui el que sigui que busquis.\n\nModa, joguines, productes de bellesa i maquillatge, electr\u00f2nica, joieria, esports, parament, hipermercat &#8230; Fins i tot comptem amb noves propostes com algunes de les flagship stores o botigues experiencials m\u00e9s exclusives de Barcelona. Tot el que imaginis, el trobar\u00e0s en els m\u00e9s de 90.000 metres quadrats d&#8217;oci que Diagonal Mar posa a la teva disposici\u00f3. No t&#8217;ho pots perdre!\n\nSi est\u00e0s pensant en fer-li un regal \u00fanic a alg\u00fa especial, donar-te aquest caprici que tant et mereixes o simplement fer la compra del mes, segur que algun dels m\u00e9s de 200 establiments comercials amb qu\u00e8 comptem t\u00e9 just aix\u00f2 que necessites.\n\n<\/div>\n<h3 style=\"text-align: center;\">Anar de compres en un entorn excepcional<\/h3>\n<div class=\"columns\" style=\"text-align: center;\">\n\nDiagonal Mar \u00e9s el centre comercial m\u00e9s visitat de Barcelona. Es troba situat al districte de Sant Mart\u00ed, en plena Avinguda Diagonal i a tan sols cinc minuts del centre de la ciutat. En ell podr\u00e0s fer les teves compres en un entorn \u00fanic i amb unes vistes d&#8217;excepci\u00f3 al mar Mediterrani.\n\nA m\u00e9s, des de juny de 2017, hem renovat i millorat les nostres instal\u00b7lacions amb l&#8217;ajuda dels millors arquitectes i interioristes. Amb un disseny m\u00e9s modern, impactant i ple de llum, m\u00e9s comoditats i botigues amb un major atractiu comercial, Diagonal Mar es converteix en un lloc de visita obligada per a totes les persones que vulguin anar de compres per Barcelona.\n\n<\/div>","protected":false},"excerpt":{"rendered":"<p>La millor selecci\u00f3 de botigues de Barcelona Diagonal Mar compta amb la millor varietat de botigues de Barcelona. En elles podr\u00e0s trobar tots els productes que puguis imaginar, sigui el que sigui que busquis. Moda, joguines, productes de bellesa i maquillatge, electr\u00f2nica, joieria, esports, parament, hipermercat &#8230; Fins i tot comptem amb noves propostes com [&hellip;]<\/p>\n","protected":false},"author":3,"featured_media":58410,"parent":0,"menu_order":192,"comment_status":"closed","ping_status":"closed","template":"page-templates\/template-tiendas.php","meta":{"inline_featured_image":false,"_joinchat":[],"footnotes":""},"class_list":["post-88","page","type-page","status-publish","has-post-thumbnail","hentry"],"featured_img_url":"https:\/\/www.diagonalmarcentre.es\/wp-content\/uploads\/2018\/10\/diagonal-mar-tiendas.jpg","publishpress_future_workflow_manual_trigger":{"enabledWorkflows":[]},"_links":{"self":[{"href":"https:\/\/www.diagonalmarcentre.es\/ca\/wp-json\/wp\/v2\/pages\/88","targetHints":{"allow":["GET"]}}],"collection":[{"href":"https:\/\/www.diagonalmarcentre.es\/ca\/wp-json\/wp\/v2\/pages"}],"about":[{"href":"https:\/\/www.diagonalmarcentre.es\/ca\/wp-json\/wp\/v2\/types\/page"}],"author":[{"embeddable":true,"href":"https:\/\/www.diagonalmarcentre.es\/ca\/wp-json\/wp\/v2\/users\/3"}],"replies":[{"embeddable":true,"href":"https:\/\/www.diagonalmarcentre.es\/ca\/wp-json\/wp\/v2\/comments?post=88"}],"version-history":[{"count":0,"href":"https:\/\/www.diagonalmarcentre.es\/ca\/wp-json\/wp\/v2\/pages\/88\/revisions"}],"wp:featuredmedia":[{"embeddable":true,"href":"https:\/\/www.diagonalmarcentre.es\/ca\/wp-json\/wp\/v2\/media\/58410"}],"wp:attachment":[{"href":"https:\/\/www.diagonalmarcentre.es\/ca\/wp-json\/wp\/v2\/media?parent=88"}],"curies":[{"name":"wp","href":"https:\/\/api.w.org\/{rel}","templated":true}]}}