{"id":87448,"date":"2025-08-13T15:40:00","date_gmt":"2025-08-13T13:40:00","guid":{"rendered":"https:\/\/www.diagonalmarcentre.es\/?page_id=87448"},"modified":"2025-08-14T13:17:03","modified_gmt":"2025-08-14T11:17:03","slug":"normativa-acces-mascotes","status":"publish","type":"page","link":"https:\/\/www.diagonalmarcentre.es\/ca\/normativa-acces-mascotes\/","title":{"rendered":"Normativa interna sobre l&#8217;acc\u00e9s de mascotes (gossos) al centre comercial Diagonal Mar."},"content":{"rendered":"\n<p class=\"p1\"><strong>Aquesta normativa t\u00e9 com a objectiu regular l&#8217;acc\u00e9s de gossos al Centre Comercial Diagonal Mar, garantint la seguretat, higiene i comoditat de tots els visitants, incloent les persones amb animals de companyia. La direcci\u00f3 del Centre Comercial es reserva el dret de modificar aquesta normativa en qualsevol moment.<\/strong><\/p>\n\n\n\n<p>&nbsp;<\/p>\n\n\n\n<h3 class=\"wp-block-heading\">1. Normes generals<\/h3>\n\n\n\n<ul class=\"wp-block-list ul1\">\n<li>Es permet l&#8217;acc\u00e9s de gossos al Centre Comercial, sempre i quan es compleixin les condicions establertes en aquesta normativa.<\/li>\n\n\n\n<li>Es permet l&#8217;acc\u00e9s de gossos d&#8217;assist\u00e8ncia, com gossos guia, sense restriccions. Els propietaris\/tutors d&#8217;aquests gossos hauran de poder acreditar la condici\u00f3 de gos d&#8217;assist\u00e8ncia, si se&#8217;ls sol\u00b7licita.<\/li>\n\n\n\n<li>En cas d&#8217;esdeveniments especials o promocions, la direcci\u00f3 del Centre Comercial podr\u00e0 establir condicions addicionals o restriccions temporals per a l&#8217;acc\u00e9s de mascotes.<\/li>\n\n\n\n<li>Els gossos han d&#8217;estar sempre sota el control i vigil\u00e0ncia del seu propietari\/tutor.<\/li>\n\n\n\n<li>Els gossos han de portar corretja curta en tot moment.<\/li>\n\n\n\n<li>Els gossos considerats potencialment perillosos (PPP), segons la legislaci\u00f3 vigent, hauran de portar morri\u00f3 obligatori en tot moment.<\/li>\n\n\n\n<li>Es recomana que els gossos portin una identificaci\u00f3 visible (placa) amb les dades de contacte del propietari\/tutor.<\/li>\n\n\n\n<li>Es permet l&#8217;entrada, com a m\u00e0xim, d&#8217;un gos per persona major d&#8217;edat.<\/li>\n\n\n\n<li>Si la mascota no \u00e9s un gos, haur\u00e0 d&#8217;anar en el seu transport\u00ed corresponent.<\/li>\n\n\n\n<li>No est\u00e0 perm\u00e8s l&#8217;acc\u00e9s de mascotes ex\u00f2tiques.<\/li>\n\n\n\n<li>Per la pr\u00f2pia seguretat de la mascota, queda terminantment prohibit la utilitzaci\u00f3 d&#8217;escales i rampes mec\u00e0niques ja que pot ferir-se en les seves extremitats. En el seu lloc es pot fer \u00fas d&#8217;escales manuals i ascensors. En el cas d&#8217;aquests \u00faltims s&#8217;ha de mantenir sensibilitat amb:\n<ul class=\"wp-block-list\">\n<li>Persones amb mobilitat redu\u00efda<\/li>\n\n\n\n<li>Embarassades i carrets de beb\u00e8<\/li>\n\n\n\n<li>Persones grans<\/li>\n<\/ul>\n<\/li>\n<\/ul>\n\n\n\n<ul class=\"wp-block-list ul1\">\n<li>Des del centre es vetlla pel benestar dels animals, per la qual cosa, si s&#8217;evidencia algun tipus de maltractament, ab\u00fas o viol\u00e8ncia cap a les mascotes, es donar\u00e0 av\u00eds a les autoritats competents.<\/li>\n\n\n\n<li>Es prohibeix deixar els gossos dins dels vehicles que quedin estacionats en les diferents zones de p\u00e0rquing.<\/li>\n\n\n\n<li>El propietari\/tutor \u00e9s responsable de recollir de forma immediata els excrements del seu gos i dipositar-los en els contenidors habilitats.<\/li>\n\n\n\n<li>El propietari\/tutor haur\u00e0 de portar bosses per a la recollida d&#8217;excrements i qualsevol altre material necessari per a la neteja.<\/li>\n\n\n\n<li>En cas que el gos orini en alguna zona del Centre Comercial, el propietari\/tutor haur\u00e0 de netejar la zona immediatament, utilitzant els productes adequats o b\u00e9 avisant a personal de neteja i\/o seguretat del centre comercial.<\/li>\n\n\n\n<li>El gos haur\u00e0 de mostrar un comportament adequat, evitant lladrucs excessius, agressivitat o qualsevol conducta que pugui molestar o posar en perill altres visitants.<\/li>\n\n\n\n<li>El propietari\/tutor haur\u00e0 de controlar el gos per evitar que accedeixi a les botigues, a menys que l&#8217;establiment ho permeti expressament.<\/li>\n\n\n\n<li>Queda prohibit deixar els gossos sols i sense supervisi\u00f3 al Centre Comercial.<\/li>\n\n\n\n<li>No hauran d&#8217;accedir gossos si no es troben b\u00e9 de salut, si estan visiblement debilitats, malalts o que no presenten condicions d&#8217;higiene, aix\u00f2 podria perjudicar altres animals i persones en el lloc. Tampoc mascotes amb un comportament agressiu, potencialment perill\u00f3s, que no tinguin completes les seves vacunes o tractaments desparasitaris al dia.<\/li>\n\n\n\n<li>Per garantir la seguretat dels clients i evitar situacions de perill per als visitants, altres animals o possibles incomoditats d&#8217;ambd\u00f3s, el centre es reserva el dret d&#8217;admissi\u00f3 de mascotes en aquells esdeveniments que es realitzin a les instal\u00b7lacions.<\/li>\n\n\n\n<li>Amb la finalitat de vetllar pel benestar de tots, el personal de seguretat podr\u00e0 en tot moment valorar situacions que afectin la resta de clients, i prendre decisions en conseq\u00fc\u00e8ncia.<\/li>\n\n\n\n<li>Est\u00e0 prohibit que les mascotes pugin al mobiliari.<\/li>\n\n\n\n<li>Prohibit entrar amb joguines per a les mascotes a les instal\u00b7lacions.<\/li>\n<\/ul>\n\n\n\n<p>&nbsp;<\/p>\n\n\n\n<h3 class=\"wp-block-heading p1\">2. Recomanacions<\/h3>\n\n\n\n<ul class=\"wp-block-list ul1\">\n<li>Es recomana portar amb si la cartilla de vacunaci\u00f3 o acreditaci\u00f3 del Registre General d&#8217;Animals de Companyia (ANICOM) de la Generalitat de Catalunya o equivalent.<\/li>\n\n\n\n<li>Tots els gossos hauran de portar un collaret amb identificaci\u00f3, que inclogui el tel\u00e8fon del seu propietari.<\/li>\n\n\n\n<li>El propietari o responsable del gos ha d&#8217;abstenir-se d&#8217;accedir a les zones interiors si la femella es troba en zel, aquest cicle pot alterar el comportament d&#8217;una altra femella o mascle.<\/li>\n<\/ul>\n\n\n\n<p>&nbsp;<\/p>\n\n\n\n<h3 class=\"wp-block-heading\">3. Zones restringides<\/h3>\n\n\n\n<ul class=\"wp-block-list ul1\">\n<li>L&#8217;entrada de gossos als establiments (botigues, restaurants, etc.) queda subjecta a la pol\u00edtica de cada establiment individual. Es recomana consultar pr\u00e8viament amb l&#8217;establiment.<\/li>\n\n\n\n<li>L&#8217;acc\u00e9s de gossos a les zones de joc infantil est\u00e0 estrictament prohibit.<\/li>\n\n\n\n<li>Queda restringit tamb\u00e9 l&#8217;acc\u00e9s als banys i lavabos.<\/li>\n<\/ul>\n\n\n\n<p class=\"p1\">La direcci\u00f3 del Centre Comercial podr\u00e0 establir zones restringides addicionals en funci\u00f3 de les necessitats i circumst\u00e0ncies. Aquestes zones estaran degudament senyalitzades.<\/p>\n\n\n\n<p>&nbsp;<\/p>\n\n\n\n<h3 class=\"wp-block-heading p1\">4. Gossos potencialment perillosos (PPP)<\/h3>\n\n\n\n<ul class=\"wp-block-list ul1\">\n<li>Si la mascota \u00e9s un gos qualificat com a potencialment perill\u00f3s (PPP) ha d&#8217;anar amb corretja i morri\u00f3 homologat i adequat a les seves caracter\u00edstiques morfol\u00f2giques i complir amb tot l&#8217;indicat en les normatives vigents.<br><br><span style=\"font-size: revert; color: initial;\"><em>LLEI 10\/1999, de 30 de juliol, sobre la tinen\u00e7a de gossos considerats potencialment perillosos.<\/em><\/span><br><em style=\"font-size: revert; color: initial;\">DECRET 170\/2002, de 11 de juny, sobre mesures en mat\u00e8ria de gossos considerats potencialment perillosos.<\/em><br><em style=\"font-size: revert; color: initial;\">Llei 50\/1999, de 23 de desembre, sobre el r\u00e8gim jur\u00eddic de la tinen\u00e7a d&#8217;animals potencialment perillosos.<\/em><br><em style=\"font-size: revert; color: initial;\">Reial Decret 287\/2002, de 22 de mar\u00e7, pel qual es desplega la Llei 50\/1999, de 23 de desembre, sobre el r\u00e8gim jur\u00eddic de la tinen\u00e7a d&#8217;animals potencialment perillosos.<\/em><\/li>\n<\/ul>\n\n\n\n<ul class=\"wp-block-list ul1\">\n<li>Nom\u00e9s es podr\u00e0 passejar \/ anar acompanyat d&#8217;un PPP per persona adulta major d&#8217;edat i amb llic\u00e8ncia.<\/li>\n\n\n\n<li>Els gossos hauran de passejar-se amb corretja i aquesta no podr\u00e0 ser extensible ni de m\u00e9s de 2 metres de llarg.<\/li>\n\n\n\n<li>Els portadors dels mateixos hauran de portar llic\u00e8ncia municipal en vig\u00e8ncia i DNI a efectes d&#8217;identificaci\u00f3 del posse\u00efdor \/propietari. La seguretat del centre comercial podr\u00e0 en tot moment requerir-los perqu\u00e8 mostrin la llic\u00e8ncia pertinent.<\/li>\n\n\n\n<li>Han de tenir contractat una asseguran\u00e7a de responsabilitat civil.<\/li>\n\n\n\n<li>La llista oficial de races de gossos considerats perillosos a Espanya \u00e9s l&#8217;establerta en el reial decret 287\/2002, i que desenvolupa la Llei sobre la tinen\u00e7a d&#8217;animals potencialment perillosos al nostre pa\u00eds. Un decret que cita de forma espec\u00edfica aquestes vuit races en el seu primer annex: Akita Inu, American Staffordshire Terrier, Dogo argent\u00ed, Fila brasiler, Pitbull Terrier, Rottweiler, Staffordshire Bull Terrier i Tosa Inu. La qual cosa, a efectes pr\u00e0ctics, provoca que hi hagi altres 8 races PPP. A saber: B\u00f2xer, Bull terrier, Bullmastiff, D\u00f2berman, Dogo Canari o Presa Canari, Dogo de Bordeus, Dogo del Tibet i Mast\u00ed napolit\u00e0 i les que presentin totes o la majoria de les caracter\u00edstiques seg\u00fcents:<br><br>\n<ul class=\"wp-block-list\">\n<li>Forta musculatura, aspecte poder\u00f3s, robust, configuraci\u00f3 atl\u00e8tica, agilitat, vigor i resist\u00e8ncia.<\/li>\n\n\n\n<li>Marcat car\u00e0cter i gran valor<\/li>\n\n\n\n<li>P\u00e8l curt<\/li>\n\n\n\n<li>Per\u00edmetre tor\u00e0cic compr\u00e8s entre 60 i 80 cent\u00edmetres, al\u00e7ada a la creu entre 50 i 70 cent\u00edmetres i pes superior a 20 kg.<\/li>\n\n\n\n<li>Cap volumin\u00f3s, cuboide, robusta, amb crani ample i gran i galtes musculoses i bombades.<\/li>\n\n\n\n<li>Mand\u00edbules grans i fortes, boca robusta, ampla i profunda.<\/li>\n\n\n\n<li>Coll ample, muscul\u00f3s i curt.<\/li>\n\n\n\n<li>Pit mass\u00eds, ample, gran, profund, costelles arquejades i llom musculat i curt.<\/li>\n\n\n\n<li>Extremitats anteriors paral\u00b7leles, rectes i robustes i extremitats posteriors molt musculoses, amb potes relativament llargues formant un angle moderat.<\/li>\n<\/ul>\n<\/li>\n<\/ul>\n\n\n\n<p>&nbsp;<\/p>\n\n\n\n<h3 class=\"wp-block-heading\">5. Normativa<\/h3>\n\n\n\n<ul class=\"wp-block-list ul1\">\n<li>S&#8217;haur\u00e0 de complir amb la normativa local, auton\u00f2mica i estatal relatives a la tinen\u00e7a d&#8217;animals. Ordenan\u00e7a reguladora de la tinen\u00e7a d&#8217;animals dom\u00e8stics de l&#8217;Ajuntament, Comunitat Aut\u00f2noma i la Legislaci\u00f3 Estatal. <a href=\"https:\/\/ajuntament.barcelona.cat\/benestaranimal\/es\/legislacion-y-normativa\" target=\"_blank\" rel=\"noreferrer noopener\">Legislaci\u00f3 i Normativa | Benestar Animal | Ajuntament de Barcelona<\/a>.<\/li>\n<\/ul>\n\n\n\n<p>&nbsp;<\/p>\n\n\n\n<h3 class=\"wp-block-heading p1\">6. Incompliment de la normativa<\/h3>\n\n\n\n<ul class=\"wp-block-list ul1\">\n<li>El personal de seguretat del Centre Comercial est\u00e0 autoritzat a exigir el compliment d&#8217;aquesta normativa.<\/li>\n\n\n\n<li>En cas d&#8217;incompliment de les normes, el propietari\/tutor podr\u00e0 ser requerit a abandonar el Centre Comercial juntament amb el seu gos.<\/li>\n\n\n\n<li>En cas de reincid\u00e8ncia o comportament inadequat del gos, la direcci\u00f3 del Centre Comercial es reserva el dret de prohibir l&#8217;acc\u00e9s del gos al Centre Comercial de forma permanent.<\/li>\n\n\n\n<li>En cas de danys a la propietat, el propietari\/tutor ser\u00e0 responsable de cobrir els costos de reparaci\u00f3.<\/li>\n\n\n\n<li>Si algun visitant es negu\u00e9s a complir amb el protocol exposat es procedir\u00e0 a realitzar trucada a la Gu\u00e0rdia Urbana de Barcelona perqu\u00e8 actu\u00ef com a autoritat per exigir el compliment de la normativa vigent.<\/li>\n<\/ul>\n\n\n\n<p>&nbsp;<\/p>\n\n\n\n<h3 class=\"wp-block-heading p1\">7. Exempci\u00f3 de responsabilitat<\/h3>\n\n\n\n<p class=\"p1\">El Centre Comercial Diagonal Mar queda exempt de qualsevol responsabilitat derivada dels actes o comportaments de les mascotes que accedeixin a les seves instal\u00b7lacions, aix\u00ed com de qualsevol dany o perjudici que puguin causar a tercers o a la propietat del Centre Comercial. La responsabilitat recau \u00edntegrament sobre el propietari o tenidor de la mascota, qui haur\u00e0 de respondre per qualsevol dany o perjudici causat pel seu animal, incloent, per\u00f2 no limitat a, danys a persones, altres animals, o a la propietat del Centre Comercial.<\/p>\n","protected":false},"excerpt":{"rendered":"<p>Aquesta normativa t\u00e9 com a objectiu regular l&#8217;acc\u00e9s de gossos al Centre Comercial Diagonal Mar, garantint la seguretat, higiene i comoditat de tots els visitants, incloent les persones amb animals de companyia. La direcci\u00f3 del Centre Comercial es reserva el dret de modificar aquesta normativa en qualsevol moment. &nbsp; 1. Normes generals &nbsp; 2. Recomanacions [&hellip;]<\/p>\n","protected":false},"author":8,"featured_media":0,"parent":0,"menu_order":179,"comment_status":"closed","ping_status":"closed","template":"","meta":{"inline_featured_image":false,"_joinchat":[],"footnotes":""},"class_list":["post-87448","page","type-page","status-publish","hentry"],"featured_img_url":"","publishpress_future_workflow_manual_trigger":{"enabledWorkflows":[]},"_links":{"self":[{"href":"https:\/\/www.diagonalmarcentre.es\/ca\/wp-json\/wp\/v2\/pages\/87448","targetHints":{"allow":["GET"]}}],"collection":[{"href":"https:\/\/www.diagonalmarcentre.es\/ca\/wp-json\/wp\/v2\/pages"}],"about":[{"href":"https:\/\/www.diagonalmarcentre.es\/ca\/wp-json\/wp\/v2\/types\/page"}],"author":[{"embeddable":true,"href":"https:\/\/www.diagonalmarcentre.es\/ca\/wp-json\/wp\/v2\/users\/8"}],"replies":[{"embeddable":true,"href":"https:\/\/www.diagonalmarcentre.es\/ca\/wp-json\/wp\/v2\/comments?post=87448"}],"version-history":[{"count":0,"href":"https:\/\/www.diagonalmarcentre.es\/ca\/wp-json\/wp\/v2\/pages\/87448\/revisions"}],"wp:attachment":[{"href":"https:\/\/www.diagonalmarcentre.es\/ca\/wp-json\/wp\/v2\/media?parent=87448"}],"curies":[{"name":"wp","href":"https:\/\/api.w.org\/{rel}","templated":true}]}}