{"id":84,"date":"2013-01-31T11:33:32","date_gmt":"2013-01-31T10:33:32","guid":{"rendered":"https:\/\/www.diagonalmarcentre.es\/?page_id=84"},"modified":"2022-09-02T18:06:04","modified_gmt":"2022-09-02T16:06:04","slug":"promocions","status":"publish","type":"page","link":"https:\/\/www.diagonalmarcentre.es\/ca\/promocions\/","title":{"rendered":"Promocions"},"content":{"rendered":"<div class=\"columns\" style=\"text-align: center;\">\n\nAl centre comercial Diagonal Mar t&#8217;oferim les millors ofertes i promocions que estan actualment actives a les teves botigues favorites.\n\nAqu\u00ed trobar\u00e0s descomptes en moda, electr\u00f2nica, articles esportius, electr\u00f2nica &#8230; i molt m\u00e9s! Els productes que m\u00e9s t&#8217;agraden amb les millors rebaixes, perqu\u00e8 puguis fer-te amb ells al millor preu.\n\nTamb\u00e9 trobar\u00e0s promocions especials i descomptes per als teus restaurants, cafeteries i bars favorits, perqu\u00e8 puguis gaudir d&#8217;un aperitiu a la nostra &#8220;dining gallery&#8221; entre compra i compra.\n\nActualitzem regularment la nostra secci\u00f3 de promocions amb noves propostes. No t&#8217;ho pots perdre!\n\n<\/div>","protected":false},"excerpt":{"rendered":"<p>Al centre comercial Diagonal Mar t&#8217;oferim les millors ofertes i promocions que estan actualment actives a les teves botigues favorites. Aqu\u00ed trobar\u00e0s descomptes en moda, electr\u00f2nica, articles esportius, electr\u00f2nica &#8230; i molt m\u00e9s! Els productes que m\u00e9s t&#8217;agraden amb les millors rebaixes, perqu\u00e8 puguis fer-te amb ells al millor preu. Tamb\u00e9 trobar\u00e0s promocions especials i [&hellip;]<\/p>\n","protected":false},"author":3,"featured_media":58416,"parent":0,"menu_order":186,"comment_status":"closed","ping_status":"closed","template":"page-templates\/template-promociones.php","meta":{"inline_featured_image":false,"_joinchat":[],"footnotes":""},"class_list":["post-84","page","type-page","status-publish","has-post-thumbnail","hentry"],"featured_img_url":"https:\/\/www.diagonalmarcentre.es\/wp-content\/uploads\/2018\/10\/diagonal-mar_promociones.jpg","publishpress_future_workflow_manual_trigger":{"enabledWorkflows":[]},"_links":{"self":[{"href":"https:\/\/www.diagonalmarcentre.es\/ca\/wp-json\/wp\/v2\/pages\/84","targetHints":{"allow":["GET"]}}],"collection":[{"href":"https:\/\/www.diagonalmarcentre.es\/ca\/wp-json\/wp\/v2\/pages"}],"about":[{"href":"https:\/\/www.diagonalmarcentre.es\/ca\/wp-json\/wp\/v2\/types\/page"}],"author":[{"embeddable":true,"href":"https:\/\/www.diagonalmarcentre.es\/ca\/wp-json\/wp\/v2\/users\/3"}],"replies":[{"embeddable":true,"href":"https:\/\/www.diagonalmarcentre.es\/ca\/wp-json\/wp\/v2\/comments?post=84"}],"version-history":[{"count":0,"href":"https:\/\/www.diagonalmarcentre.es\/ca\/wp-json\/wp\/v2\/pages\/84\/revisions"}],"wp:featuredmedia":[{"embeddable":true,"href":"https:\/\/www.diagonalmarcentre.es\/ca\/wp-json\/wp\/v2\/media\/58416"}],"wp:attachment":[{"href":"https:\/\/www.diagonalmarcentre.es\/ca\/wp-json\/wp\/v2\/media?parent=84"}],"curies":[{"name":"wp","href":"https:\/\/api.w.org\/{rel}","templated":true}]}}