{"id":73,"date":"2013-01-31T11:34:37","date_gmt":"2013-01-31T10:34:37","guid":{"rendered":"https:\/\/www.diagonalmarcentre.es\/?page_id=73"},"modified":"2025-10-08T11:29:48","modified_gmt":"2025-10-08T09:29:48","slug":"avis-legal","status":"publish","type":"page","link":"https:\/\/www.diagonalmarcentre.es\/ca\/avis-legal\/","title":{"rendered":"Av\u00eds Legal"},"content":{"rendered":"<h3>Objecte<\/h3>\nL&#8217;acc\u00e9s a i\/o \u00fas de tots els serveis del portal www.diagonalmarcentre.es atribueix a qui ho realitza la condici\u00f3 d&#8217;usuari.\n\nPer la simple utilitzaci\u00f3 del Portal, l&#8217;usuari expressa la plena acceptaci\u00f3 sense cap reserva de les presents condicions generals, aix\u00ed com les condicions particulars que, si escau, complementin, modifiquin o substitueixin les condicions generals en relaci\u00f3 amb determinats serveis i continguts del lloc web.\n\nComunitat de propietaris de Diagonal Mar podr\u00e0 modificar unilateralment, en qualsevol moment l&#8217;estructura i disseny del web, aix\u00ed com modificar o eliminar els serveis, els continguts i les condicions d&#8217;acc\u00e9s i \/ o \u00fas del lloc web.\n<h3>Exclusi\u00f3 de responsabilitat<\/h3>\nComunitat de propietaris de Diagonal Mar no garanteix ni es fa responsable, en cap cas, dels danys o perjudicis de qualsevol naturalesa que poguessin portar causa de: Falta de disponibilitat, continu\u00eftat i efectiu funcionament del Portal, i\/o dels seus serveis i continguts , aix\u00ed com dels derivats de fallades en l&#8217;acc\u00e9s a les diferents p\u00e0gines web del portal o aquelles des de les quals es presten determinats serveis. Del dret de Comunitat de propietaris de Diagonal Mar d&#8217;interrompre, suspendre o acabar la prestaci\u00f3 del servei del Portal o de qualsevol dels serveis que l&#8217;integren, en qualsevol moment de forma unilateral. D&#8217;errors tipogr\u00e0fics, gramaticals i d&#8217;imatge.\n<h3>\u00das del portal, serveis i continguts pels usuaris<strong>\n<\/strong><\/h3>\nL&#8217;usuari es compromet a utilitzar el Portal i els seus serveis i continguts sense infringir la legislaci\u00f3 vigent, la bona fe i l&#8217;ordre p\u00fablic.\n\nL&#8217;usuari, excepte autoritzaci\u00f3 pr\u00e8via i expressa de Comunitat de propietaris de Diagonal Mar s&#8217;abstindr\u00e0 d&#8217;obtenir qualsevol tipus de contingut ja siguin textos, gr\u00e0fics, arxius de so i\/o imatge, fotografies, etc., Per qualsevol mitj\u00e0 diferent dels que es posin a la seva disposici\u00f3 o dels que s&#8217;emprin habitualment a aquest efecte a Internet.\n\nAix\u00ed mateix, queda expressament prohibida la utilitzaci\u00f3 per part de l&#8217;usuari dels continguts i serveis del portal per a tot tipus de fins comercials o publicitaris.\n\nComunitat de propietaris de Diagonal Mar no es fa responsable en cap cas de qualsevol tipus d&#8217;informaci\u00f3, comunicaci\u00f3, etc., Que tingui el seu origen en l&#8217;usuari o en qualsevol tercera persona o entitat i que es difongui, transmeti o exhibeixi a trav\u00e9s dels serveis del Portal.\n<h3>Propietat intel\u00b7lectual<strong>\n<\/strong><\/h3>\nTots els continguts aix\u00ed com nom, logotips, marques i bases de dades accessibles del Portal estan subjectes a drets de propietat industrial i intel\u00b7lectual de Comunitat de propietaris de Diagonal Mar pel que queda expressament prohibida la seva reproducci\u00f3 o \u00fas sense l&#8217;autoritzaci\u00f3 del seu titular.\n<h3>Dades del responsable legal del web<\/h3>\nComunitat de propietaris de Diagonal Mar, entitat mercantil domiciliada a Barcelona, Avinguda Diagonal, 3, CIF H-62733043, tel\u00e8fon 93 567 76 41 i email de contacte <b><a href=\"mailto:privacitat@diagonalmarcentre.es\" target=\"_blank\" rel=\"noopener noreferrer\">privacitat@diagonalmarcentre.<wbr \/>es<\/a><\/b>\n<h3>Legislaci\u00f3 y fur aplicable<\/h3>\nAquesta p\u00e0gina web es troba sotmesa a la legislaci\u00f3 espanyola i en cas de litigi o controv\u00e8rsia sorgida l&#8217;\u00fas d&#8217;aquesta p\u00e0gina web, ambdues parts se sotmeten a la jurisdicci\u00f3 dels tribunals de la ciutat de Barcelona. Aquesta cl\u00e0usula de submissi\u00f3 expressa als tribunals de la ciutat de Barcelona, no \u00e9s aplicable per als sup\u00f2sits de litigi amb els usuaris del web que segons la legislaci\u00f3 vigent ostentin la condici\u00f3 de consumidors, en aquest cas ambdues parts estaran sotmesos a la jurisdicci\u00f3 els Jutjats i Tribunals de resid\u00e8ncia del consumidor.","protected":false},"excerpt":{"rendered":"<p>Objecte L&#8217;acc\u00e9s a i\/o \u00fas de tots els serveis del portal www.diagonalmarcentre.es atribueix a qui ho realitza la condici\u00f3 d&#8217;usuari. Per la simple utilitzaci\u00f3 del Portal, l&#8217;usuari expressa la plena acceptaci\u00f3 sense cap reserva de les presents condicions generals, aix\u00ed com les condicions particulars que, si escau, complementin, modifiquin o substitueixin les condicions generals en [&hellip;]<\/p>\n","protected":false},"author":3,"featured_media":0,"parent":0,"menu_order":179,"comment_status":"closed","ping_status":"closed","template":"","meta":{"inline_featured_image":false,"_joinchat":[],"footnotes":""},"class_list":["post-73","page","type-page","status-publish","hentry"],"featured_img_url":"","publishpress_future_workflow_manual_trigger":{"enabledWorkflows":[]},"_links":{"self":[{"href":"https:\/\/www.diagonalmarcentre.es\/ca\/wp-json\/wp\/v2\/pages\/73","targetHints":{"allow":["GET"]}}],"collection":[{"href":"https:\/\/www.diagonalmarcentre.es\/ca\/wp-json\/wp\/v2\/pages"}],"about":[{"href":"https:\/\/www.diagonalmarcentre.es\/ca\/wp-json\/wp\/v2\/types\/page"}],"author":[{"embeddable":true,"href":"https:\/\/www.diagonalmarcentre.es\/ca\/wp-json\/wp\/v2\/users\/3"}],"replies":[{"embeddable":true,"href":"https:\/\/www.diagonalmarcentre.es\/ca\/wp-json\/wp\/v2\/comments?post=73"}],"version-history":[{"count":0,"href":"https:\/\/www.diagonalmarcentre.es\/ca\/wp-json\/wp\/v2\/pages\/73\/revisions"}],"wp:attachment":[{"href":"https:\/\/www.diagonalmarcentre.es\/ca\/wp-json\/wp\/v2\/media?parent=73"}],"curies":[{"name":"wp","href":"https:\/\/api.w.org\/{rel}","templated":true}]}}