{"id":71,"date":"2013-01-31T11:38:52","date_gmt":"2013-01-31T10:38:52","guid":{"rendered":"https:\/\/www.diagonalmarcentre.es\/?page_id=71"},"modified":"2025-10-14T11:40:01","modified_gmt":"2025-10-14T09:40:01","slug":"el-centre","status":"publish","type":"page","link":"https:\/\/www.diagonalmarcentre.es\/ca\/","title":{"rendered":"El Centre"},"content":{"rendered":"<div class=\"wpb-content-wrapper\">[vc_row][vc_column]        <div class=\"bttn_horarios\">\r\n            <section id=\"hours-location\">\r\n\r\n    <div class=\"container\">\r\n        <div class=\"row\">\r\n            <div class=\"col-md-6 col-horarios\">\r\n    <div class=\"row\">\r\n        <div class=\"col-4 col-md-2 col-clock\">\r\n            <i class=\"icon-big_clock\"><\/i>\r\n        <\/div>\r\n        <div class=\"col-8 col-md-4 horarios-home\">\r\n            <p id=\"avui\">Avui<\/p>\r\n            <p id=\"estat\">\n<span class=\"mb-bhi-display mb-bhi-closed\"><span class=\"mb-bhi-oc-text\">Tancat<\/span><\/span>            <\/p>\r\n            <p id=\"data\">\r\n                07 de Maig 2026\r\n            <\/p>\r\n\r\n        <\/div>\r\n        <div class=\"col-8 col-md-6 wrap-horarios\">\r\n            <p id=\"horaris\">Horaris (Format. 24h)<\/p>\r\n            <p class=\"par-horaris\"><span>Tiendas<\/span>\r\n                De 09 a 21h            <\/p>\r\n            <p class=\"par-horaris\"><span>Oci<\/span>\r\n                De 09 a 01h            <\/p>\r\n            <p class=\"par-horaris\"><span> Parking<\/span>\r\n                De 08:30 a 01h            <\/p>\r\n        <\/div>\r\n\r\n    <\/div>\r\n            <div class=\"row banderas\">\r\n            <p><\/p>\r\n        <\/div>\r\n        <script>    \r\n            jQuery(function(){\r\n                jQuery(\".row.banderas p\").text(jQuery(\".address-horario .texto-hora\").text());\r\n            });\r\n        <\/script>\r\n    <\/div>            \r\n            <div class=\"col-12 col-md-6 col-como-llegar\">\r\n                <span id=\"como-llegar\">Com arribar-hi?\r\n<\/span>\r\n                <form action=\"https:\/\/www.diagonalmarcentre.es\/como-llegar\/#gmaps\" method=\"GET\">\r\n                    <div class=\"text-icon-menu\">\r\n                            <div id=\"search-home-box2\">\r\n                                <input type=\"text\" name=\"origen\" id=\"origen\" aria-label=\"Origen\" autocomplete=\"off\" placeholder=\"Punt de sortida (carrer i ciutat)\">\r\n                            <\/div>\r\n                            <button type=\"submit\" aria-label=\"Buscar\"><i class=\"icon-lupa\"><\/i><\/button>\r\n                    <\/div>\r\n                <\/form>\r\n            <\/div>\r\n\r\n        <\/div>\r\n    <\/div>\r\n    <\/section>        <\/div>\r\n        [\/vc_column][\/vc_row][vc_row full_width=&rdquo;stretch_row_content_no_spaces&rdquo; content_placement=&rdquo;middle&rdquo; css=&rdquo;.vc_custom_1678789266754{background-image: url(https:\/\/www.diagonalmarcentre.es\/wp-content\/uploads\/2023\/03\/som-de-mar-diagonal-mar.jpg?id=76313) !important;}&rdquo; el_class=&rdquo;som-de-mar&rdquo;][vc_column][vc_column_text]\r\n<p style=\"text-align: center;\">Som de mar<\/p>\r\n[\/vc_column_text][\/vc_column][\/vc_row][vc_row full_width=&rdquo;stretch_row&rdquo; content_placement=&rdquo;middle&rdquo; css=&rdquo;.vc_custom_1678191080439{background-color: #00375a !important;}&rdquo; el_class=&rdquo;som-de-mar-2&Prime;][vc_column][vc_column_text css=&rdquo;&rdquo;]\r\n<p style=\"text-align: center;\">Diagonal Mar. Respira l&rsquo;aire suau de la costa i deixa&rsquo;t inspirar per Diagonal mar. Un espai obert a les &uacute;ltimes tend&egrave;ncies, a l&rsquo;entreteniment, a la restauraci&oacute;, la relaxaci&oacute;&hellip; Un entorn idoni per a desconnectar de l&rsquo;estr&egrave;s, per a connectar amb tu mateix i amb els altres.<\/p>\r\n[\/vc_column_text][\/vc_column][\/vc_row][vc_row][vc_column width=&rdquo;1\/2&Prime;]            <div class=\"bttn_button_home  \">\r\n                <a href=\"https:\/\/www.diagonalmarcentre.es\/ca\/botigues\/\" target=\"\" rel=\"\">\r\n                    <div class=\"bttn_button_home-inner\" style=\"background-image: url(https:\/\/www.diagonalmarcentre.es\/wp-content\/uploads\/2023\/03\/tiendas-diagonal-mar.jpg)\">\r\n                                                    <div class=\"bttn_button_home__title\">\r\n                                Botigues                            <\/div>\r\n                                                                        <span class=\"mes\"><i class=\"icon-plus\"><\/i><\/span>\r\n                    <\/div>\r\n                <\/a>\r\n            <\/div>\r\n            [\/vc_column][vc_column width=&rdquo;1\/2&Prime; el_class=&rdquo;col-home-restaurantes&rdquo;]            <div class=\"bttn_button_home  \">\r\n                <a href=\"https:\/\/www.diagonalmarcentre.es\/ca\/restaurants\/\" target=\"\" rel=\"\">\r\n                    <div class=\"bttn_button_home-inner\" style=\"background-image: url(https:\/\/www.diagonalmarcentre.es\/wp-content\/uploads\/2023\/03\/restauracion-diagonal-mar.jpg)\">\r\n                                                    <div class=\"bttn_button_home__title\">\r\n                                Restaurants                            <\/div>\r\n                                                                        <span class=\"mes\"><i class=\"icon-plus\"><\/i><\/span>\r\n                    <\/div>\r\n                <\/a>\r\n            <\/div>\r\n            [\/vc_column][\/vc_row][vc_row][vc_column]            <div class=\"bttn_button_home terrassa-del-mar \">\r\n                <a href=\"https:\/\/www.diagonalmarcentre.es\/ca\/la-terrassa-del-mar\/\" target=\"\" rel=\"\">\r\n                    <div class=\"bttn_button_home-inner\" style=\"background-image: url(https:\/\/www.diagonalmarcentre.es\/wp-content\/uploads\/2025\/04\/la-terrassa-del-mar.jpg)\">\r\n                                                    <div class=\"bttn_button_home__logo\">\r\n                                <img decoding=\"async\" width=\"642\" height=\"55\" src=\"https:\/\/www.diagonalmarcentre.es\/wp-content\/uploads\/2025\/04\/logo-la-terrassa-del-mar.svg\" class=\"attachment-full size-full\" alt=\"La Terrassa de Mar\" title=\"La Terrassa de Mar\">                            <\/div>\r\n                                                                            <div class=\"bttn_button_home__text\">\r\n                                <p>Un espai al'aire lliure on gaudir en fam&iacute;lia, relaxar-se i assaborir el millor pla.<\/p>\n                            <\/div>\r\n                                                <span class=\"mes\"><i class=\"icon-plus\"><\/i><\/span>\r\n                    <\/div>\r\n                <\/a>\r\n            <\/div>\r\n            [\/vc_column][\/vc_row][vc_row][vc_column]            <div class=\"bttn_button_home home-mar-de-jocs \">\r\n                <a href=\"https:\/\/www.diagonalmarcentre.es\/ca\/un-mar-de-jocs\/\" target=\"\" rel=\"\">\r\n                    <div class=\"bttn_button_home-inner\" style=\"background-image: url(https:\/\/www.diagonalmarcentre.es\/wp-content\/uploads\/2023\/03\/un-mar-de-jocs-diagonal-mar.jpg)\">\r\n                                                    <div class=\"bttn_button_home__logo\">\r\n                                <img decoding=\"async\" width=\"1\" height=\"1\" src=\"https:\/\/www.diagonalmarcentre.es\/wp-content\/uploads\/2023\/03\/mar-de-jocs-logo.svg\" class=\"attachment-full size-full\" alt=\"\">                            <\/div>\r\n                                                                            <div class=\"bttn_button_home__text\">\r\n                                <p>Descobreix l'espai infantil en col&middot;laboraci&oacute; amb la Federaci&oacute; Catalana de Vela.<\/p>\n                            <\/div>\r\n                                                <span class=\"mes\"><i class=\"icon-plus\"><\/i><\/span>\r\n                    <\/div>\r\n                <\/a>\r\n            <\/div>\r\n            [\/vc_column][\/vc_row][vc_row][vc_column offset=&rdquo;vc_hidden-lg vc_hidden-md vc_hidden-sm vc_hidden-xs&rdquo;]            <div class=\"bttn_button_home home-delivery \">\r\n                <a href=\"https:\/\/eat.diagonalmarcentre.com\/es\/\" target=\"\" rel=\"noopener\">\r\n                    <div class=\"bttn_button_home-inner\" style=\"background-image: url(https:\/\/www.diagonalmarcentre.es\/wp-content\/uploads\/2023\/03\/delivery-diagonal-mar.jpg)\">\r\n                                                    <div class=\"bttn_button_home__logo\">\r\n                                <img decoding=\"async\" width=\"208\" height=\"112\" src=\"https:\/\/www.diagonalmarcentre.es\/wp-content\/uploads\/2023\/03\/logo-delivery.svg\" class=\"attachment-full size-full\" alt=\"\">                            <\/div>\r\n                                                                            <div class=\"bttn_button_home__text\">\r\n                                <p>Bon profit!<br>\nAmb Diagonal Mar Delivery.<\/p>\n                            <\/div>\r\n                                                <span class=\"mes\"><i class=\"icon-plus\"><\/i><\/span>\r\n                    <\/div>\r\n                <\/a>\r\n            <\/div>\r\n            [\/vc_column][\/vc_row][vc_row][vc_column width=&rdquo;1\/2&Prime;]            <div class=\"bttn_button_home  \">\r\n                <a href=\"https:\/\/www.diagonalmarcentre.es\/ca\/esdeveniments\/\" target=\"\" rel=\"\">\r\n                    <div class=\"bttn_button_home-inner\" style=\"background-image: url(https:\/\/www.diagonalmarcentre.es\/wp-content\/uploads\/2023\/03\/novedades-diagonal-mar.jpg)\">\r\n                                                    <div class=\"bttn_button_home__title\">\r\n                                Novetats                            <\/div>\r\n                                                                        <span class=\"mes\"><i class=\"icon-plus\"><\/i><\/span>\r\n                    <\/div>\r\n                <\/a>\r\n            <\/div>\r\n            [\/vc_column][vc_column width=&rdquo;1\/2&Prime;]            <div class=\"bttn_button_home  \">\r\n                <a href=\"https:\/\/www.diagonalmarcentre.es\/ca\/promocions\/\" target=\"\" rel=\"\">\r\n                    <div class=\"bttn_button_home-inner\" style=\"background-image: url(https:\/\/www.diagonalmarcentre.es\/wp-content\/uploads\/2023\/03\/promociones-diagonal-mar.jpg)\">\r\n                                                    <div class=\"bttn_button_home__title\">\r\n                                Promocions                            <\/div>\r\n                                                                        <span class=\"mes\"><i class=\"icon-plus\"><\/i><\/span>\r\n                    <\/div>\r\n                <\/a>\r\n            <\/div>\r\n            [\/vc_column][\/vc_row][vc_row][vc_column width=&rdquo;1\/2&Prime;]            <div class=\"bttn_button_home  \">\r\n                <a href=\"https:\/\/www.diagonalmarcentre.es\/ca\/cinema\/\" target=\"\" rel=\"\">\r\n                    <div class=\"bttn_button_home-inner\" style=\"background-image: url(https:\/\/www.diagonalmarcentre.es\/wp-content\/uploads\/2023\/03\/cartelera-diagonal-mar.jpg)\">\r\n                                                    <div class=\"bttn_button_home__title\">\r\n                                Cartellera                            <\/div>\r\n                                                                        <span class=\"mes\"><i class=\"icon-plus\"><\/i><\/span>\r\n                    <\/div>\r\n                <\/a>\r\n            <\/div>\r\n            [\/vc_column][vc_column width=&rdquo;1\/2&Prime;]            <div class=\"bttn_button_home  \">\r\n                <a href=\"https:\/\/www.diagonalmarcentre.es\/ca\/noves-obertures\/\" target=\"\" rel=\"\">\r\n                    <div class=\"bttn_button_home-inner\" style=\"background-image: url(https:\/\/www.diagonalmarcentre.es\/wp-content\/uploads\/2023\/03\/nuevas-aperturas-diagonal-mar.jpg)\">\r\n                                                    <div class=\"bttn_button_home__title\">\r\n                                Noves<br> obertures                            <\/div>\r\n                                                                        <span class=\"mes\"><i class=\"icon-plus\"><\/i><\/span>\r\n                    <\/div>\r\n                <\/a>\r\n            <\/div>\r\n            [\/vc_column][\/vc_row]<\/div>\n","protected":false},"excerpt":{"rendered":"<p>[vc_row][vc_column][\/vc_column][\/vc_row][vc_row full_width=&#8221;stretch_row_content_no_spaces&#8221; content_placement=&#8221;middle&#8221; css=&#8221;.vc_custom_1678789266754{background-image: url(https:\/\/www.diagonalmarcentre.es\/wp-content\/uploads\/2023\/03\/som-de-mar-diagonal-mar.jpg?id=76313) !important;}&#8221; el_class=&#8221;som-de-mar&#8221;][vc_column][vc_column_text] Som de mar [\/vc_column_text][\/vc_column][\/vc_row][vc_row full_width=&#8221;stretch_row&#8221; content_placement=&#8221;middle&#8221; css=&#8221;.vc_custom_1678191080439{background-color: #00375a !important;}&#8221; el_class=&#8221;som-de-mar-2&#8243;][vc_column][vc_column_text css=&#8221;&#8221;] Diagonal Mar. Respira l&#8217;aire suau de la costa i deixa&#8217;t inspirar per Diagonal mar. Un espai obert a les \u00faltimes tend\u00e8ncies, a l&#8217;entreteniment, a la restauraci\u00f3, la relaxaci\u00f3\u2026 Un entorn idoni per a desconnectar de l&#8217;estr\u00e8s, per [&hellip;]<\/p>\n","protected":false},"author":3,"featured_media":0,"parent":0,"menu_order":176,"comment_status":"closed","ping_status":"closed","template":"","meta":{"inline_featured_image":false,"_joinchat":[],"footnotes":""},"class_list":["post-71","page","type-page","status-publish","hentry"],"featured_img_url":"","publishpress_future_workflow_manual_trigger":{"enabledWorkflows":[]},"_links":{"self":[{"href":"https:\/\/www.diagonalmarcentre.es\/ca\/wp-json\/wp\/v2\/pages\/71","targetHints":{"allow":["GET"]}}],"collection":[{"href":"https:\/\/www.diagonalmarcentre.es\/ca\/wp-json\/wp\/v2\/pages"}],"about":[{"href":"https:\/\/www.diagonalmarcentre.es\/ca\/wp-json\/wp\/v2\/types\/page"}],"author":[{"embeddable":true,"href":"https:\/\/www.diagonalmarcentre.es\/ca\/wp-json\/wp\/v2\/users\/3"}],"replies":[{"embeddable":true,"href":"https:\/\/www.diagonalmarcentre.es\/ca\/wp-json\/wp\/v2\/comments?post=71"}],"version-history":[{"count":0,"href":"https:\/\/www.diagonalmarcentre.es\/ca\/wp-json\/wp\/v2\/pages\/71\/revisions"}],"wp:attachment":[{"href":"https:\/\/www.diagonalmarcentre.es\/ca\/wp-json\/wp\/v2\/media?parent=71"}],"curies":[{"name":"wp","href":"https:\/\/api.w.org\/{rel}","templated":true}]}}