{"id":58333,"date":"2018-09-24T19:11:31","date_gmt":"2018-09-24T17:11:31","guid":{"rendered":"https:\/\/www.diagonalmarcentre.es\/turistas-2\/"},"modified":"2023-12-04T11:56:16","modified_gmt":"2023-12-04T10:56:16","slug":"turistes","status":"publish","type":"page","link":"https:\/\/www.diagonalmarcentre.es\/ca\/turistes\/","title":{"rendered":"Turistes"},"content":{"rendered":"Barcelona \u00e9s la ciutat perfecta per anar de vacances, si no has estat mai, et sorprendr\u00e0. Ofereix activitats per a tots els gustos. Barcelona \u00e9s una ciutat de diversi\u00f3, cultura i d&#8217;esport per\u00f2 tamb\u00e9 \u00e9s una ciutat perfecta per fer Shopping.\r\n\r\nEl centre Diagonal Mar es troba al barri de Diagonal Mar i F\u00f2rum, un barri de Barcelona que representa la postmodernitat, ubicat al districte de Sant Mart\u00ed. Al centre comercial Diagonal Mar trobar\u00e0s m\u00e9s de 200 botigues amb marques l\u00edders de moda, llar i estil de vida. A m\u00e9s descobrir\u00e0s que Diagonal Mar disposa d&#8217;una excel\u00b7lent selecci\u00f3 de restaurants que ofereixen cuines de tot el m\u00f3n. Pel que fa a les activitats d&#8217;oci i entreteniment tamb\u00e9 trobar\u00e0s 11 sales de cinema amb les \u00faltimes estrenes.\r\n\r\nDiagonal Mar \u00e9s una de les millors destinacions de compra a Barcelona on al mateix temps podr\u00e0s respirar l&#8217;ambient del mar.","protected":false},"excerpt":{"rendered":"<p>Barcelona \u00e9s la ciutat perfecta per anar de vacances, si no has estat mai, et sorprendr\u00e0. Ofereix activitats per a tots els gustos. Barcelona \u00e9s una ciutat de diversi\u00f3, cultura i d&#8217;esport per\u00f2 tamb\u00e9 \u00e9s una ciutat perfecta per fer Shopping. El centre Diagonal Mar es troba al barri de Diagonal Mar i F\u00f2rum, un [&hellip;]<\/p>\n","protected":false},"author":3,"featured_media":58437,"parent":0,"menu_order":72,"comment_status":"closed","ping_status":"closed","template":"page-templates\/template-turista.php","meta":{"inline_featured_image":false,"_joinchat":[],"footnotes":""},"class_list":["post-58333","page","type-page","status-publish","has-post-thumbnail","hentry"],"featured_img_url":"https:\/\/www.diagonalmarcentre.es\/wp-content\/uploads\/2018\/10\/diagonal-mar-turistas.jpg","publishpress_future_workflow_manual_trigger":{"enabledWorkflows":[]},"_links":{"self":[{"href":"https:\/\/www.diagonalmarcentre.es\/ca\/wp-json\/wp\/v2\/pages\/58333","targetHints":{"allow":["GET"]}}],"collection":[{"href":"https:\/\/www.diagonalmarcentre.es\/ca\/wp-json\/wp\/v2\/pages"}],"about":[{"href":"https:\/\/www.diagonalmarcentre.es\/ca\/wp-json\/wp\/v2\/types\/page"}],"author":[{"embeddable":true,"href":"https:\/\/www.diagonalmarcentre.es\/ca\/wp-json\/wp\/v2\/users\/3"}],"replies":[{"embeddable":true,"href":"https:\/\/www.diagonalmarcentre.es\/ca\/wp-json\/wp\/v2\/comments?post=58333"}],"version-history":[{"count":0,"href":"https:\/\/www.diagonalmarcentre.es\/ca\/wp-json\/wp\/v2\/pages\/58333\/revisions"}],"wp:featuredmedia":[{"embeddable":true,"href":"https:\/\/www.diagonalmarcentre.es\/ca\/wp-json\/wp\/v2\/media\/58437"}],"wp:attachment":[{"href":"https:\/\/www.diagonalmarcentre.es\/ca\/wp-json\/wp\/v2\/media?parent=58333"}],"curies":[{"name":"wp","href":"https:\/\/api.w.org\/{rel}","templated":true}]}}