{"id":47544,"date":"2016-06-13T10:17:26","date_gmt":"2016-06-13T08:17:26","guid":{"rendered":"https:\/\/www.diagonalmarcentre.es\/ca\/?page_id=47544"},"modified":"2018-12-17T10:05:34","modified_gmt":"2018-12-17T09:05:34","slug":"auditori-ccib","status":"publish","type":"page","link":"https:\/\/www.diagonalmarcentre.es\/ca\/auditori-ccib\/","title":{"rendered":"Auditori CCIB"},"content":{"rendered":"<p class=\"playas-content\">Barcelona \u00e9s una de les ciutats del m\u00f3n on se celebren m\u00e9s fires, congressos i convencions empresarials*. Just al costat del Centre Comercial Diagonal Mar, es troba el Centre de Convencions Internacionals de Barcelona (CCIB), el m\u00e9s gran del sud d&#8217;Europa, un edifici de convencions dissenyat per l&#8217;arquitecte catal\u00e0 Josep Llu\u00eds Mateo i un auditori, dissenyat pels arquitectes su\u00efssos Herzog &amp; De Meuron.<\/p>\n<p class=\"playas-content\">El CCIB est\u00e0 format per dos edificis de gran valor arquitect\u00f2nic units per un passad\u00eds subterrani, el centre de convencions i l&#8217;auditori, i ja ha acollit m\u00e9s de 3 milions d&#8217;assistents als 600 esdeveniments que s&#8217;han realitzat des de la seva inauguraci\u00f3.<\/p>\n<p class=\"playas-content\"><a href=\"http:\/\/www.ccib.es\/\" target=\"_blank\" rel=\"noopener\">M\u00e9s informaci\u00f3.<\/a><\/p>\n*la 4\u00aa en la classificaci\u00f3 de l&#8217;Associaci\u00f3 Internacional de Congressos i Convencions (ICCA), i la sisena en la classificaci\u00f3 de la Union of International Associations (UIA).","protected":false},"excerpt":{"rendered":"<p>Barcelona \u00e9s una de les ciutats del m\u00f3n on se celebren m\u00e9s fires, congressos i convencions empresarials*. Just al costat del Centre Comercial Diagonal Mar, es troba el Centre de Convencions Internacionals de Barcelona (CCIB), el m\u00e9s gran del sud d&#8217;Europa, un edifici de convencions dissenyat per l&#8217;arquitecte catal\u00e0 Josep Llu\u00eds Mateo i un auditori, [&hellip;]<\/p>\n","protected":false},"author":3,"featured_media":58635,"parent":0,"menu_order":90,"comment_status":"closed","ping_status":"closed","template":"page-templates\/template-turista.php","meta":{"inline_featured_image":false,"_joinchat":[],"footnotes":""},"class_list":["post-47544","page","type-page","status-publish","has-post-thumbnail","hentry"],"featured_img_url":"https:\/\/www.diagonalmarcentre.es\/wp-content\/uploads\/2018\/10\/auditori_ccib.jpg","publishpress_future_workflow_manual_trigger":{"enabledWorkflows":[]},"_links":{"self":[{"href":"https:\/\/www.diagonalmarcentre.es\/ca\/wp-json\/wp\/v2\/pages\/47544","targetHints":{"allow":["GET"]}}],"collection":[{"href":"https:\/\/www.diagonalmarcentre.es\/ca\/wp-json\/wp\/v2\/pages"}],"about":[{"href":"https:\/\/www.diagonalmarcentre.es\/ca\/wp-json\/wp\/v2\/types\/page"}],"author":[{"embeddable":true,"href":"https:\/\/www.diagonalmarcentre.es\/ca\/wp-json\/wp\/v2\/users\/3"}],"replies":[{"embeddable":true,"href":"https:\/\/www.diagonalmarcentre.es\/ca\/wp-json\/wp\/v2\/comments?post=47544"}],"version-history":[{"count":0,"href":"https:\/\/www.diagonalmarcentre.es\/ca\/wp-json\/wp\/v2\/pages\/47544\/revisions"}],"wp:featuredmedia":[{"embeddable":true,"href":"https:\/\/www.diagonalmarcentre.es\/ca\/wp-json\/wp\/v2\/media\/58635"}],"wp:attachment":[{"href":"https:\/\/www.diagonalmarcentre.es\/ca\/wp-json\/wp\/v2\/media?parent=47544"}],"curies":[{"name":"wp","href":"https:\/\/api.w.org\/{rel}","templated":true}]}}