{"id":43000,"date":"2015-01-09T15:51:45","date_gmt":"2015-01-09T14:51:45","guid":{"rendered":"https:\/\/www.diagonalmarcentre.es\/?page_id=43000"},"modified":"2019-03-05T10:23:52","modified_gmt":"2019-03-05T09:23:52","slug":"sostenibilitat","status":"publish","type":"page","link":"https:\/\/www.diagonalmarcentre.es\/ca\/sostenibilitat\/","title":{"rendered":"Sostenibilitat"},"content":{"rendered":"\n<h3 class=\"wp-block-heading\">Gesti\u00f3 ambiental a Diagonal Mar<\/h3>\n\n<p>Diagonal Mar es preocupa per la sostenibilitat, amb l&#8217;ajuda de la implantaci\u00f3 i certificaci\u00f3 d&#8217;un sistema de gesti\u00f3 ambiental d&#8217;acord amb la Norma internacional ISO 14001: 2015. En aquest sentit, Diagonal Mar imposa la millora cont\u00ednua a fi de protegir el medi ambient i prevenir la contaminaci\u00f3, entre d&#8217;altres compromisos de la pol\u00edtica de la Direcci\u00f3 del Centre.<\/p>\n\n<p>La Direcci\u00f3 del centre comercial Diagonal Mar defineix i revisa peri\u00f2dicament els objectius ambientals i el sistema de gesti\u00f3 ambiental per assegurar el seu compliment, adequaci\u00f3 i efic\u00e0cia.<\/p>\n<br>\r\n\n<h3 class=\"wp-block-heading\">Les nostres accions &#8220;verds&#8221; i sostenibles<\/h3>\n<br>\r\n\n<h4 class=\"wp-block-heading\">\u25cf Compromesos en la reducci\u00f3 d&#8217;emissions de CO2<\/h4>\n<br>\r\n\n<h5 class=\"wp-block-heading\">Il\u00b7luminaci\u00f3 i climatitzaci\u00f3;<\/h5>\n\n<p>El centre comercial Diagonal Mar disposa de grans lluernes que permeten aprofitar la llum natural en hores di\u00e0ries i ajuden a reduir el consum de la il\u00b7luminaci\u00f3 a la galeria.<\/p>\n\n<p>La climatitzaci\u00f3 del centre es programa per aconseguir la m\u00e0xima efic\u00e0cia mitjan\u00e7ant noves tecnologies de monitoritzaci\u00f3 amb la implantaci\u00f3 de controls horaris personalitzats perqu\u00e8 el nivell de clima i il\u00b7luminaci\u00f3 sigui l&#8217;adequat a cada moment del dia.<\/p>\n<br>\r\n\n<h5 class=\"wp-block-heading\">\u00das d&#8217;aigua;<\/h5>\n\n<p>En tots els lavabos hi ha informaci\u00f3 sobre la import\u00e0ncia d&#8217;un \u00fas responsable de l&#8217;aigua. &#8220;Cada gota compta&#8221;. Els dispositius d&#8217;estalvi d&#8217;aigua en els sanitaris garanteixen l&#8217;optimitzaci\u00f3 del consum d&#8217;aigua.<\/p>\n<br>\r\n\n<h4 class=\"wp-block-heading\">\u25cf Compromesos amb la valoritzaci\u00f3 dels residus<\/h4>\n\n<p>La valoritzaci\u00f3 dels residus generats a les zones comunes del Centre i en els locals comercials i de restauraci\u00f3 \u00e9s un dels nostres majors reptes per al qual es necessita la col\u00b7laboraci\u00f3 de tots. A Diagonal Mar es disposa d&#8217;elements de recollida selectiva i es treballa per a la m\u00e0xima valoritzaci\u00f3 dels residus org\u00e0nic, paper i cartr\u00f3, pl\u00e0stics entre d&#8217;altres generats per les nostres visites.<\/p>\n\n<p>Al <strong>Punt de reciclatge<\/strong> ubicat al SAS Central de Parking1 el visitant t\u00e9 disponible uns contenidors per a la recollida de residus especials, com s\u00f3n les piles, bateries, m\u00f2bils, bol\u00edgrafs, cartutxos d&#8217;impressora, fluorescents, residus electr\u00f2nics o altres generats<\/p>\n<br>\r\n\n<h4 class=\"wp-block-heading\">\u25cf Compromesos amb el nostre entorn<\/h4>\n\n<p>El Centre Diagonal Mar promociona iniciatives de recuperaci\u00f3 i vigil\u00e0ncia de l&#8217;entorn mar\u00ed, donant suport al projecte SILMAR de vigil\u00e0ncia de la qualitat de la mar, la neteja de platges amb la col\u00b7laboraci\u00f3 de voluntariat i promovent en els comer\u00e7os del Centre la substituci\u00f3 de bosses de pl\u00e0stic per altres materials per prevenir la contaminaci\u00f3 del mar. (Veure m\u00e9s &#8230; enlla\u00e7 amb p\u00e0gina nous projectes).<\/p>\n","protected":false},"excerpt":{"rendered":"<p>Gesti\u00f3 ambiental a Diagonal Mar Diagonal Mar es preocupa per la sostenibilitat, amb l&#8217;ajuda de la implantaci\u00f3 i certificaci\u00f3 d&#8217;un sistema de gesti\u00f3 ambiental d&#8217;acord amb la Norma internacional ISO 14001: 2015. En aquest sentit, Diagonal Mar imposa la millora cont\u00ednua a fi de protegir el medi ambient i prevenir la contaminaci\u00f3, entre d&#8217;altres compromisos [&hellip;]<\/p>\n","protected":false},"author":3,"featured_media":0,"parent":0,"menu_order":107,"comment_status":"closed","ping_status":"closed","template":"","meta":{"inline_featured_image":false,"_joinchat":[],"footnotes":""},"class_list":["post-43000","page","type-page","status-publish","hentry"],"featured_img_url":"","publishpress_future_workflow_manual_trigger":{"enabledWorkflows":[]},"_links":{"self":[{"href":"https:\/\/www.diagonalmarcentre.es\/ca\/wp-json\/wp\/v2\/pages\/43000","targetHints":{"allow":["GET"]}}],"collection":[{"href":"https:\/\/www.diagonalmarcentre.es\/ca\/wp-json\/wp\/v2\/pages"}],"about":[{"href":"https:\/\/www.diagonalmarcentre.es\/ca\/wp-json\/wp\/v2\/types\/page"}],"author":[{"embeddable":true,"href":"https:\/\/www.diagonalmarcentre.es\/ca\/wp-json\/wp\/v2\/users\/3"}],"replies":[{"embeddable":true,"href":"https:\/\/www.diagonalmarcentre.es\/ca\/wp-json\/wp\/v2\/comments?post=43000"}],"version-history":[{"count":0,"href":"https:\/\/www.diagonalmarcentre.es\/ca\/wp-json\/wp\/v2\/pages\/43000\/revisions"}],"wp:attachment":[{"href":"https:\/\/www.diagonalmarcentre.es\/ca\/wp-json\/wp\/v2\/media?parent=43000"}],"curies":[{"name":"wp","href":"https:\/\/api.w.org\/{rel}","templated":true}]}}