{"id":42252,"date":"2014-11-12T17:19:05","date_gmt":"2014-11-12T16:19:05","guid":{"rendered":"https:\/\/www.diagonalmarcentre.es\/?page_id=42252"},"modified":"2018-12-17T10:00:52","modified_gmt":"2018-12-17T09:00:52","slug":"parc-diagonal-mar","status":"publish","type":"page","link":"https:\/\/www.diagonalmarcentre.es\/ca\/parc-diagonal-mar\/","title":{"rendered":"Parc Diagonal Mar"},"content":{"rendered":"<p class=\"playas-content\">Just al costat del Centre Comercial Diagonal Mar, es troba el &#8220;Parc de la Diagonal Mar&#8221;, obra del matrimoni Enrich Miralles i Benedetta Tagliabue. Es tracta d&#8217;un espai immens i assolellat, una ambiciosa obra contempor\u00e0nia on s&#8217;ent\u00e9n que la nova Barcelona vol ser una ciutat pionera en originalitat i arquitectura sostenible.<\/p>\n<p class=\"playas-content\">Aquest parc, el segon m\u00e9s gran de Barcelona, t\u00e9 un disseny que afavoreix la seva integraci\u00f3 a la ciutat a trav\u00e9s d&#8217;un espai extens i di\u00e0fan, que s\u2019est\u00e9n fins al mar. S&#8217;ordena seguint una s\u00e8rie de camins que es ramifiquen en totes direccions, juntament amb uns llargu\u00edssims bancs de formig\u00f3 que representen les onades del mar.<\/p>\n<a href=\"http:\/\/www.barcelonaturisme.com\/wv3\/ca\/page\/600\/.html?\" target=\"_blank\" rel=\"noopener\">M\u00e9s informaci\u00f3&nbsp;aqu\u00ed<\/a>","protected":false},"excerpt":{"rendered":"<p>Just al costat del Centre Comercial Diagonal Mar, es troba el &#8220;Parc de la Diagonal Mar&#8221;, obra del matrimoni Enrich Miralles i Benedetta Tagliabue. Es tracta d&#8217;un espai immens i assolellat, una ambiciosa obra contempor\u00e0nia on s&#8217;ent\u00e9n que la nova Barcelona vol ser una ciutat pionera en originalitat i arquitectura sostenible. Aquest parc, el segon [&hellip;]<\/p>\n","protected":false},"author":3,"featured_media":58650,"parent":0,"menu_order":131,"comment_status":"closed","ping_status":"closed","template":"page-templates\/template-turista.php","meta":{"inline_featured_image":false,"_joinchat":[],"footnotes":""},"class_list":["post-42252","page","type-page","status-publish","has-post-thumbnail","hentry"],"featured_img_url":"https:\/\/www.diagonalmarcentre.es\/wp-content\/uploads\/2018\/10\/parque_DM.jpg","publishpress_future_workflow_manual_trigger":{"enabledWorkflows":[]},"_links":{"self":[{"href":"https:\/\/www.diagonalmarcentre.es\/ca\/wp-json\/wp\/v2\/pages\/42252","targetHints":{"allow":["GET"]}}],"collection":[{"href":"https:\/\/www.diagonalmarcentre.es\/ca\/wp-json\/wp\/v2\/pages"}],"about":[{"href":"https:\/\/www.diagonalmarcentre.es\/ca\/wp-json\/wp\/v2\/types\/page"}],"author":[{"embeddable":true,"href":"https:\/\/www.diagonalmarcentre.es\/ca\/wp-json\/wp\/v2\/users\/3"}],"replies":[{"embeddable":true,"href":"https:\/\/www.diagonalmarcentre.es\/ca\/wp-json\/wp\/v2\/comments?post=42252"}],"version-history":[{"count":0,"href":"https:\/\/www.diagonalmarcentre.es\/ca\/wp-json\/wp\/v2\/pages\/42252\/revisions"}],"wp:featuredmedia":[{"embeddable":true,"href":"https:\/\/www.diagonalmarcentre.es\/ca\/wp-json\/wp\/v2\/media\/58650"}],"wp:attachment":[{"href":"https:\/\/www.diagonalmarcentre.es\/ca\/wp-json\/wp\/v2\/media?parent=42252"}],"curies":[{"name":"wp","href":"https:\/\/api.w.org\/{rel}","templated":true}]}}