{"id":41976,"date":"2014-11-13T08:45:57","date_gmt":"2014-11-13T07:45:57","guid":{"rendered":"https:\/\/www.diagonalmarcentre.es\/?page_id=41976"},"modified":"2018-12-17T10:10:23","modified_gmt":"2018-12-17T09:10:23","slug":"serveis-per-a-turistes","status":"publish","type":"page","link":"https:\/\/www.diagonalmarcentre.es\/ca\/serveis-per-a-turistes\/","title":{"rendered":"Serveis per a turistes"},"content":{"rendered":"<div class=\"paragraph\">\n<h2>Tax free shopping<\/h2>\n<p class=\"playas-content\">Vens d&#8217;un pa\u00eds de fora de la UE? En aquest cas pots sol\u00b7licitar la devoluci\u00f3 d&#8217;impostos sobre les compres realitzades a Diagonal Mar.<\/p>\n<p class=\"playas-content\">Els nostres clients que provenen de fora de la Uni\u00f3 Europea poden beneficiar-se d&#8217;una compra lliure d&#8217;impostos. Per sol\u00b7licitar la devoluci\u00f3 de l&#8217;IVA i beneficiar-te d&#8217;una compra m\u00e9s econ\u00f2mica, simplement cal (presentar els rebuts a la duana en sortir del pa\u00eds juntament amb el passaport) seguir els seg\u00fcents passos:<\/p>\n<p class=\"playas-content\">1. En comprar en boutiques unides al servei Tax Free, sol\u00b7licita la factura Tax-Free amb l&#8217;import total de les teves compres.<\/p>\n<p class=\"playas-content\">2. En sortir d&#8217;Espanya o un altre pa\u00eds de la Comunitat Europea, presenta el rebut en duanes per convalidar les teves compres lliures d&#8217;impostos.<\/p>\n<p class=\"playas-content\">3. Presenta els rebuts convalidats i el teu passaport a l&#8217;Oficina de Devoluci\u00f3 perqu\u00e8 et reemborsin l&#8217;import en efectiu o mitjan\u00e7ant de la targeta de cr\u00e8dit<\/p>\n<p class=\"playas-content\">Per a m\u00e9s informaci\u00f3:<a href=\"http:\/\/www.global-blue.com\" target=\"_blank\" rel=\"noopener\"> www.global-blue.com<\/a> i <a href=\"http:\/\/www.premiertaxfree.com\" target=\"_blank\" rel=\"noopener\">www.premiertaxfree.com<\/a><\/p>\n\n<h2>Descomptes per a turistes<\/h2>\n<p class=\"playas-content\">Mostra tu talonari del <a href=\"https:\/\/www.diagonalmarcentre.es\/ca\/turistes\/bus-turistic\">bus tur\u00edstic<\/a> al nostre Punt d&#8217;Atenci\u00f3 al client i se&#8217;t lliurar\u00e0 un voucher amb descomptes en diverses botigues del centre comercial Diagonal Mar.<\/p>\n\n<h2>Taxi<\/h2>\nSi necessites un taxi pots acudir al Punt d&#8217;Atenci\u00f3 al Client a la planta carrer (davant de <a href=\"https:\/\/www.diagonalmarcentre.es\/ca\/tiendas\/zara\/\">Zara<\/a>) i s&#8217;encarregaran de demanar un.\n\n<\/div>","protected":false},"excerpt":{"rendered":"<p>Tax free shopping Vens d&#8217;un pa\u00eds de fora de la UE? En aquest cas pots sol\u00b7licitar la devoluci\u00f3 d&#8217;impostos sobre les compres realitzades a Diagonal Mar. Els nostres clients que provenen de fora de la Uni\u00f3 Europea poden beneficiar-se d&#8217;una compra lliure d&#8217;impostos. Per sol\u00b7licitar la devoluci\u00f3 de l&#8217;IVA i beneficiar-te d&#8217;una compra m\u00e9s econ\u00f2mica, [&hellip;]<\/p>\n","protected":false},"author":3,"featured_media":58656,"parent":0,"menu_order":116,"comment_status":"closed","ping_status":"closed","template":"page-templates\/template-turista.php","meta":{"inline_featured_image":false,"_joinchat":[],"footnotes":""},"class_list":["post-41976","page","type-page","status-publish","has-post-thumbnail","hentry"],"featured_img_url":"https:\/\/www.diagonalmarcentre.es\/wp-content\/uploads\/2018\/10\/servicio_turistas.jpg","publishpress_future_workflow_manual_trigger":{"enabledWorkflows":[]},"_links":{"self":[{"href":"https:\/\/www.diagonalmarcentre.es\/ca\/wp-json\/wp\/v2\/pages\/41976","targetHints":{"allow":["GET"]}}],"collection":[{"href":"https:\/\/www.diagonalmarcentre.es\/ca\/wp-json\/wp\/v2\/pages"}],"about":[{"href":"https:\/\/www.diagonalmarcentre.es\/ca\/wp-json\/wp\/v2\/types\/page"}],"author":[{"embeddable":true,"href":"https:\/\/www.diagonalmarcentre.es\/ca\/wp-json\/wp\/v2\/users\/3"}],"replies":[{"embeddable":true,"href":"https:\/\/www.diagonalmarcentre.es\/ca\/wp-json\/wp\/v2\/comments?post=41976"}],"version-history":[{"count":0,"href":"https:\/\/www.diagonalmarcentre.es\/ca\/wp-json\/wp\/v2\/pages\/41976\/revisions"}],"wp:featuredmedia":[{"embeddable":true,"href":"https:\/\/www.diagonalmarcentre.es\/ca\/wp-json\/wp\/v2\/media\/58656"}],"wp:attachment":[{"href":"https:\/\/www.diagonalmarcentre.es\/ca\/wp-json\/wp\/v2\/media?parent=41976"}],"curies":[{"name":"wp","href":"https:\/\/api.w.org\/{rel}","templated":true}]}}