{"id":41972,"date":"2014-10-22T09:28:11","date_gmt":"2014-10-22T07:28:11","guid":{"rendered":"https:\/\/www.diagonalmarcentre.es\/?page_id=41972"},"modified":"2022-09-02T18:05:15","modified_gmt":"2022-09-02T16:05:15","slug":"restaurants","status":"publish","type":"page","link":"https:\/\/www.diagonalmarcentre.es\/ca\/restaurants\/","title":{"rendered":"Restaurants"},"content":{"rendered":"<h3 style=\"text-align: center;\">La millor varietat de restaurants de Barcelona<\/h3>\n<div class=\"columns\" style=\"text-align: center;\">\n\nAl centre comercial Diagonal Mar podr\u00e0s trobar una de les millors i m\u00e9s variades seleccions de restaurants de Barcelona.\n\nComptem amb desenes d&#8217;establiments de tota mena: des de cadenes de menjar r\u00e0pid, fins bars de tapes, hamburgueseries premium, gastronomia italiana, americana, mexicana, menjar japon\u00e8s, restaurants vegetarians, kebabs, menjar per emportar &#8230; Si ets un &#8220;foodie&#8221;, no pots permetre&#8217;t el no visitar-nos. Tens molt on triar!\n\nA m\u00e9s, en 2017 hem renovat i modernitzat les nostres instal\u00b7lacions amb la col\u00b7laboraci\u00f3 dels millors arquitectes i interioristes, creant una &#8220;dining gallery&#8221; totalment reformada i molt m\u00e9s acollidora.\n\nDinar variat i de qualitat, un entorn \u00fanic i a nom\u00e9s cinc minuts del centre de Barcelona. Qu\u00e8 m\u00e9s pots demanar?\n\n<\/div>","protected":false},"excerpt":{"rendered":"<p>La millor varietat de restaurants de Barcelona Al centre comercial Diagonal Mar podr\u00e0s trobar una de les millors i m\u00e9s variades seleccions de restaurants de Barcelona. Comptem amb desenes d&#8217;establiments de tota mena: des de cadenes de menjar r\u00e0pid, fins bars de tapes, hamburgueseries premium, gastronomia italiana, americana, mexicana, menjar japon\u00e8s, restaurants vegetarians, kebabs, menjar [&hellip;]<\/p>\n","protected":false},"author":3,"featured_media":58413,"parent":0,"menu_order":157,"comment_status":"closed","ping_status":"closed","template":"page-templates\/template-restaurantes.php","meta":{"inline_featured_image":false,"_joinchat":[],"footnotes":""},"class_list":["post-41972","page","type-page","status-publish","has-post-thumbnail","hentry"],"featured_img_url":"https:\/\/www.diagonalmarcentre.es\/wp-content\/uploads\/2018\/10\/diagonal-mar-restaurantes.jpg","publishpress_future_workflow_manual_trigger":{"enabledWorkflows":[]},"_links":{"self":[{"href":"https:\/\/www.diagonalmarcentre.es\/ca\/wp-json\/wp\/v2\/pages\/41972","targetHints":{"allow":["GET"]}}],"collection":[{"href":"https:\/\/www.diagonalmarcentre.es\/ca\/wp-json\/wp\/v2\/pages"}],"about":[{"href":"https:\/\/www.diagonalmarcentre.es\/ca\/wp-json\/wp\/v2\/types\/page"}],"author":[{"embeddable":true,"href":"https:\/\/www.diagonalmarcentre.es\/ca\/wp-json\/wp\/v2\/users\/3"}],"replies":[{"embeddable":true,"href":"https:\/\/www.diagonalmarcentre.es\/ca\/wp-json\/wp\/v2\/comments?post=41972"}],"version-history":[{"count":0,"href":"https:\/\/www.diagonalmarcentre.es\/ca\/wp-json\/wp\/v2\/pages\/41972\/revisions"}],"wp:featuredmedia":[{"embeddable":true,"href":"https:\/\/www.diagonalmarcentre.es\/ca\/wp-json\/wp\/v2\/media\/58413"}],"wp:attachment":[{"href":"https:\/\/www.diagonalmarcentre.es\/ca\/wp-json\/wp\/v2\/media?parent=41972"}],"curies":[{"name":"wp","href":"https:\/\/api.w.org\/{rel}","templated":true}]}}