{"id":41958,"date":"2014-11-12T17:19:34","date_gmt":"2014-11-12T16:19:34","guid":{"rendered":"https:\/\/www.diagonalmarcentre.es\/?page_id=41958"},"modified":"2018-12-17T10:02:32","modified_gmt":"2018-12-17T09:02:32","slug":"forum-ca","status":"publish","type":"page","link":"https:\/\/www.diagonalmarcentre.es\/ca\/forum-ca\/","title":{"rendered":"Forum"},"content":{"rendered":"<p class=\"playas-content\">Just al davant del Centre Comercial Diagonal Mar, a l&#8217;extrem nord de Barcelona, es troba l&#8217;anomenat Parc del F\u00f2rum, her\u00e8ncia de la primera edici\u00f3 del F\u00f2rum Universal de les Cultures de 2004 que es va celebrar a la ciutat comtal.<\/p>\n<p class=\"playas-content\">El recinte del F\u00f2rum consta de dues grans edificacions, l&#8217;auditori i el Centre de Convencions Internacional de Barcelona, en una immensa pla\u00e7a de 16 hect\u00e0rees, la segona m\u00e9s gran del m\u00f3n.\nNo es tracta nom\u00e9s d&#8217;un parc o una zona verda, sin\u00f3 que \u00e9s una gran superf\u00edcie que congrega una s\u00e8rie d&#8217;\u00e0rees i instal\u00b7lacions on s&#8217;hi celebren tot tipus d&#8217;actes i esdeveniments tur\u00edstics i l\u00fadics (La Merc\u00e8, la Fira d\u2019Abril, el Primavera Sound, concerts d&#8217;artistes&#8230;).<\/p>\n<a href=\"http:\/\/www.parcdelforum.cat\/\" target=\"_blank\" rel=\"noopener\">M\u00e9s informaci\u00f3&nbsp;aqu\u00ed<\/a>","protected":false},"excerpt":{"rendered":"<p>Just al davant del Centre Comercial Diagonal Mar, a l&#8217;extrem nord de Barcelona, es troba l&#8217;anomenat Parc del F\u00f2rum, her\u00e8ncia de la primera edici\u00f3 del F\u00f2rum Universal de les Cultures de 2004 que es va celebrar a la ciutat comtal. El recinte del F\u00f2rum consta de dues grans edificacions, l&#8217;auditori i el Centre de Convencions [&hellip;]<\/p>\n","protected":false},"author":3,"featured_media":58641,"parent":0,"menu_order":128,"comment_status":"closed","ping_status":"closed","template":"page-templates\/template-turista.php","meta":{"inline_featured_image":false,"_joinchat":[],"footnotes":""},"class_list":["post-41958","page","type-page","status-publish","has-post-thumbnail","hentry"],"featured_img_url":"https:\/\/www.diagonalmarcentre.es\/wp-content\/uploads\/2018\/10\/forum.jpg","publishpress_future_workflow_manual_trigger":{"enabledWorkflows":[]},"_links":{"self":[{"href":"https:\/\/www.diagonalmarcentre.es\/ca\/wp-json\/wp\/v2\/pages\/41958","targetHints":{"allow":["GET"]}}],"collection":[{"href":"https:\/\/www.diagonalmarcentre.es\/ca\/wp-json\/wp\/v2\/pages"}],"about":[{"href":"https:\/\/www.diagonalmarcentre.es\/ca\/wp-json\/wp\/v2\/types\/page"}],"author":[{"embeddable":true,"href":"https:\/\/www.diagonalmarcentre.es\/ca\/wp-json\/wp\/v2\/users\/3"}],"replies":[{"embeddable":true,"href":"https:\/\/www.diagonalmarcentre.es\/ca\/wp-json\/wp\/v2\/comments?post=41958"}],"version-history":[{"count":0,"href":"https:\/\/www.diagonalmarcentre.es\/ca\/wp-json\/wp\/v2\/pages\/41958\/revisions"}],"wp:featuredmedia":[{"embeddable":true,"href":"https:\/\/www.diagonalmarcentre.es\/ca\/wp-json\/wp\/v2\/media\/58641"}],"wp:attachment":[{"href":"https:\/\/www.diagonalmarcentre.es\/ca\/wp-json\/wp\/v2\/media?parent=41958"}],"curies":[{"name":"wp","href":"https:\/\/api.w.org\/{rel}","templated":true}]}}