{"id":41937,"date":"2014-11-04T16:21:22","date_gmt":"2014-11-04T15:21:22","guid":{"rendered":"https:\/\/www.diagonalmarcentre.es\/?page_id=41937"},"modified":"2018-12-11T10:14:17","modified_gmt":"2018-12-11T09:14:17","slug":"cinema","status":"publish","type":"page","link":"https:\/\/www.diagonalmarcentre.es\/ca\/cinema\/","title":{"rendered":"Cinema"},"content":{"rendered":"Els millors cinemes a Barcelona els trobar\u00e0s al centre comercial Diagonal Mar.\nComptem amb 11 sales totalment equipades en les quals podr\u00e0s gaudir de les \u00faltimes estrenes de la cartellera amb una qualitat d&#8217;imatge i so excepcional. Tot aix\u00f2 amb la garantia que ofereix Cinesa, la primera companyia d&#8217;exhibici\u00f3 cinematogr\u00e0fica del pa\u00eds, que en 2018 compleix 60 anys.\n\nFes-te amb un bon paquet de crispetes i no et perdis cap de les pel\u00b7l\u00edcules m\u00e9s esperades. L&#8217;\u00faltima de Marvel? La nova de Star Wars? Vols emocionar-te amb el proper bombazo de Disney \u2013 Pixar? Potser lo teu s\u00f3n les pel\u00b7l\u00edcules europees\nm\u00e9s intimistes? Als cinemes de Diagonal Mar oferim una gran varietat de t\u00edtols que satisfar\u00e0 els gustos de tot el m\u00f3n: des dels qui tan sol volen passar una bona estona amb l&#8217;\u00faltim blockbuster, fins als m\u00e9s petits de la casa o els m\u00e9s cin\u00e8fils. Sense oblidar l&#8217;oferta d&#8217;espectacles d&#8217;\u00f2pera i ballet que et transportaran en directe a les millors cases d&#8217;\u00f2pera d&#8217;Europa.\n\nI si el que vols \u00e9s gaudir del cinema en versi\u00f3 original, sense doblatge, tamb\u00e9 et donem aquesta opci\u00f3!","protected":false},"excerpt":{"rendered":"<p>Els millors cinemes a Barcelona els trobar\u00e0s al centre comercial Diagonal Mar. Comptem amb 11 sales totalment equipades en les quals podr\u00e0s gaudir de les \u00faltimes estrenes de la cartellera amb una qualitat d&#8217;imatge i so excepcional. Tot aix\u00f2 amb la garantia que ofereix Cinesa, la primera companyia d&#8217;exhibici\u00f3 cinematogr\u00e0fica del pa\u00eds, que en 2018 [&hellip;]<\/p>\n","protected":false},"author":3,"featured_media":58605,"parent":0,"menu_order":148,"comment_status":"closed","ping_status":"closed","template":"page-templates\/template-cinedmi.php","meta":{"inline_featured_image":false,"_joinchat":[],"footnotes":""},"class_list":["post-41937","page","type-page","status-publish","has-post-thumbnail","hentry"],"featured_img_url":"https:\/\/www.diagonalmarcentre.es\/wp-content\/uploads\/2018\/10\/diagonal-mar_cines.jpg","publishpress_future_workflow_manual_trigger":{"enabledWorkflows":[]},"_links":{"self":[{"href":"https:\/\/www.diagonalmarcentre.es\/ca\/wp-json\/wp\/v2\/pages\/41937","targetHints":{"allow":["GET"]}}],"collection":[{"href":"https:\/\/www.diagonalmarcentre.es\/ca\/wp-json\/wp\/v2\/pages"}],"about":[{"href":"https:\/\/www.diagonalmarcentre.es\/ca\/wp-json\/wp\/v2\/types\/page"}],"author":[{"embeddable":true,"href":"https:\/\/www.diagonalmarcentre.es\/ca\/wp-json\/wp\/v2\/users\/3"}],"replies":[{"embeddable":true,"href":"https:\/\/www.diagonalmarcentre.es\/ca\/wp-json\/wp\/v2\/comments?post=41937"}],"version-history":[{"count":0,"href":"https:\/\/www.diagonalmarcentre.es\/ca\/wp-json\/wp\/v2\/pages\/41937\/revisions"}],"wp:featuredmedia":[{"embeddable":true,"href":"https:\/\/www.diagonalmarcentre.es\/ca\/wp-json\/wp\/v2\/media\/58605"}],"wp:attachment":[{"href":"https:\/\/www.diagonalmarcentre.es\/ca\/wp-json\/wp\/v2\/media?parent=41937"}],"curies":[{"name":"wp","href":"https:\/\/api.w.org\/{rel}","templated":true}]}}