{"id":38846,"date":"2013-11-29T11:57:09","date_gmt":"2013-11-29T10:57:09","guid":{"rendered":"https:\/\/www.diagonalmarcentre.es\/?page_id=38846"},"modified":"2025-10-08T10:25:56","modified_gmt":"2025-10-08T08:25:56","slug":"politica-de-cookies","status":"publish","type":"page","link":"https:\/\/www.diagonalmarcentre.es\/ca\/politica-de-cookies\/","title":{"rendered":"Pol\u00edtica de Cookies"},"content":{"rendered":"<div class=\"wpb-content-wrapper\">[vc_row][vc_column][vc_column_text css=&#8221;&#8221;]\r\n<h2>Cookies<\/h2>\r\n<strong>Qu\u00e8 s\u00f3n les galetes?<\/strong>\r\n\r\nAquest lloc web utilitza galetes i\/o tecnologies similars que emmagatzemen i recuperen informaci\u00f3 quan navegues. En general, aquestes tecnologies poden servir per a finalitats molt diverses, com ara recon\u00e8ixer-te com a usuari, obtenir informaci\u00f3 sobre els teus h\u00e0bits de navegaci\u00f3, o personalitzar la manera com es mostra el contingut. Els usos concrets que fem daquestes tecnologies es descriuen a continuaci\u00f3.\r\n\r\n&nbsp;\r\n\r\n<strong>Quin tipus de galetes utilitza aquesta p\u00e0gina web?<\/strong>\r\n\r\n[wcc_category_list]\r\n\r\n&nbsp;\r\n\r\n<strong>Qui utilitza les galetes?<\/strong>\r\n\r\nLes cookies emprades en aquesta p\u00e0gina web s\u00f3n utilitzades pel responsable legal d&#8217;aquesta p\u00e0gina web i pels seg\u00fcents serveis o prove\u00efdors de serveis:\r\n\r\n&nbsp;\r\n\r\n<strong>Com puc acceptar, rebutjar o eliminar les galetes?<\/strong>\r\n\r\nPodeu permetre o rebutjar les cookies a l&#8217;inici de la vostra navegaci\u00f3 a la nostra web, prement els corresponents botons d&#8217;acceptar o rebutjar les cookies. Si voleu revocar o modificar el vostre consentiment podeu fer-ho des del panell de configuraci\u00f3 de cookies d&#8217;aquesta p\u00e0gina web.\r\n\r\nAix\u00ed mateix, podeu permetre, bloquejar o eliminar les cookies instal\u00b7lades al vostre equip mitjan\u00e7ant la configuraci\u00f3 de les opcions del navegador instal\u00b7lat al vostre ordinador. En els seg\u00fcents enlla\u00e7os trobareu informaci\u00f3 addicional sobre les opcions de configuraci\u00f3 de les cookies als diferents navegadors.\r\n\r\n&nbsp;\r\n\r\n\u2013 Google Chrome: <a href=\"http:\/\/support.google.com\/chrome\/bin\/answer.py?hl=ca&amp;answer=95647\" target=\"_blank\" rel=\"noopener\">http:\/\/support.google.com\/chrome\/bin\/answer.py?hl=ca&amp;answer=95647<\/a>\r\n\r\n\u2013 Firefox: <a href=\"http:\/\/support.mozilla.org\/es\/kb\/habilitar-y-deshabilitar-cookies-que-los-sitios-we\" target=\"_blank\" rel=\"noopener\">http:\/\/support.mozilla.org\/es\/kb\/habilitar-y-deshabilitar-cookies-que-los-sitios-we<\/a>\r\n\r\n\u2013 Safari: <a href=\"http:\/\/support.apple.com\/kb\/ph5042\" target=\"_blank\" rel=\"noopener\">http:\/\/support.apple.com\/kb\/ph5042<\/a>\r\n\r\n&nbsp;\r\n\r\nTamb\u00e9 podeu modificar el vostre consentiment al panell de prefer\u00e8ncies o configuraci\u00f3 de cookies d&#8217;aquesta p\u00e0gina web.\r\n\r\n&nbsp;\r\n<h2>Transfer\u00e8ncies a Tercers Pa\u00efsos<\/h2>\r\nPots informar-te de les transfer\u00e8ncies a tercers pa\u00efsos que, si escau, realitzen els tercers identificats en aquesta pol\u00edtica de cookies, en les seves corresponents pol\u00edtiques de privadesa a trav\u00e9s dels enlla\u00e7os facilitats al llistat de cookies emprades per aquest web. Tamb\u00e9 trobar\u00e0s informaci\u00f3 addicional sobre aquest aspecte a la nostra pol\u00edtica de privadesa\r\n\r\n&nbsp;\r\n<h2>Drets i M\u00e9s informaci\u00f3<\/h2>\r\nPodeu consultar com exercir els vostres drets respecte al tractament de les vostres dades personals derivades de l&#8217;\u00fas de cookies i completar la informaci\u00f3 sobre la nostra el tractament de les vostres dades, en la pol\u00edtica de privadesa de les nostres dades personals derivats de l&#8217;\u00fas de cookies i completar la informaci\u00f3 sobre la nostra el tractament de les seves dades, a la pol\u00edtica de privadesa de la nostra p\u00e0gina web.\r\n\r\n&nbsp;\r\n<h2>Versi\u00f3<\/h2>\r\nAquesta pol\u00edtica de privadesa \u00e9s de data 25\/04\/2024 i qualsevol modificaci\u00f3 dels seus termes ser\u00e0 publicada en aquesta p\u00e0gina web.[\/vc_column_text][\/vc_column][\/vc_row]<\/div>","protected":false},"excerpt":{"rendered":"<p>[vc_row][vc_column][vc_column_text css=&#8221;&#8221;] Cookies Qu\u00e8 s\u00f3n les galetes? Aquest lloc web utilitza galetes i\/o tecnologies similars que emmagatzemen i recuperen informaci\u00f3 quan navegues. En general, aquestes tecnologies poden servir per a finalitats molt diverses, com ara recon\u00e8ixer-te com a usuari, obtenir informaci\u00f3 sobre els teus h\u00e0bits de navegaci\u00f3, o personalitzar la manera com es mostra el [&hellip;]<\/p>\n","protected":false},"author":3,"featured_media":0,"parent":0,"menu_order":161,"comment_status":"closed","ping_status":"closed","template":"","meta":{"inline_featured_image":false,"_joinchat":[],"footnotes":""},"class_list":["post-38846","page","type-page","status-publish","hentry"],"featured_img_url":"","publishpress_future_workflow_manual_trigger":{"enabledWorkflows":[]},"_links":{"self":[{"href":"https:\/\/www.diagonalmarcentre.es\/ca\/wp-json\/wp\/v2\/pages\/38846","targetHints":{"allow":["GET"]}}],"collection":[{"href":"https:\/\/www.diagonalmarcentre.es\/ca\/wp-json\/wp\/v2\/pages"}],"about":[{"href":"https:\/\/www.diagonalmarcentre.es\/ca\/wp-json\/wp\/v2\/types\/page"}],"author":[{"embeddable":true,"href":"https:\/\/www.diagonalmarcentre.es\/ca\/wp-json\/wp\/v2\/users\/3"}],"replies":[{"embeddable":true,"href":"https:\/\/www.diagonalmarcentre.es\/ca\/wp-json\/wp\/v2\/comments?post=38846"}],"version-history":[{"count":0,"href":"https:\/\/www.diagonalmarcentre.es\/ca\/wp-json\/wp\/v2\/pages\/38846\/revisions"}],"wp:attachment":[{"href":"https:\/\/www.diagonalmarcentre.es\/ca\/wp-json\/wp\/v2\/media?parent=38846"}],"curies":[{"name":"wp","href":"https:\/\/api.w.org\/{rel}","templated":true}]}}