{"id":38845,"date":"2013-11-29T11:50:37","date_gmt":"2013-11-29T10:50:37","guid":{"rendered":"https:\/\/www.diagonalmarcentre.es\/?page_id=38845"},"modified":"2025-10-08T11:25:14","modified_gmt":"2025-10-08T09:25:14","slug":"politica-de-privacitat","status":"publish","type":"page","link":"https:\/\/www.diagonalmarcentre.es\/ca\/politica-de-privacitat\/","title":{"rendered":"Pol\u00edtica de privacitat"},"content":{"rendered":"<div class=\"wpb-content-wrapper\">[vc_row][vc_column][vc_column_text css=&#8221;&#8221;]\r\n<h2>Responsable del Tractament<\/h2>\r\n<strong>Responsable del Tractament:<\/strong> Comunitat de Propietaris Avd. Diagonal N\u00ba3, (Centre Comercial Diagonal Mar)\r\n<strong>Adre\u00e7a Postal:<\/strong> Avd. Diagonal n\u00ba3. C.P. 08019 Barcelona.\r\n<strong>Tel\u00e8fon:<\/strong> <a href=\"tel:+34935677641\">93 567 76 41<\/a>\r\n<strong>Email:<\/strong> <a href=\"mailto:privacitat@diagonalmarcentre.es\" target=\"_blank\" rel=\"noopener\">privacitat@diagonalmarcentre.es<\/a>\r\n\r\n&nbsp;\r\n<h2>Tractaments<\/h2>\r\nComunitat de Propietaris Avd. Diagonal N\u00ba3, (Centre Comercial Diagonal Mar) \u00fanicament tracta les dades de car\u00e0cter personal que a continuaci\u00f3 s&#8217;indiquen:\r\n\r\n&nbsp;\r\n<h3>A. Dades Recollides a trav\u00e9s de la p\u00e0gina web<\/h3>\r\n<strong>Finalitat: <\/strong>Contestar les sol\u00b7licituds d&#8217;informaci\u00f3 i contacte remeses a trav\u00e9s dels correus electr\u00f2nics i els formularis de contacte de la p\u00e0gina web.\r\n\r\n<strong>Conservaci\u00f3: <\/strong>Les dades personals proporcionades es conservaran durant el temps necessari per complir amb la finalitat per a la qual es demanen i per determinar les possibles responsabilitats que es poguessin derivar de la finalitat.\r\n\r\n<strong>Legitimaci\u00f3:<\/strong> Inter\u00e8s leg\u00edtim del Responsable del Tractament per a la contestaci\u00f3 de correus electr\u00f2nics o sol\u00b7licituds dinformaci\u00f3 realitzades per linteressat.\r\n\r\n<strong>Destinataris: <\/strong>No est\u00e0 prevista la comunicaci\u00f3 de dades personals llevat dels sup\u00f2sits establerts per una obligaci\u00f3 legal.\r\n\r\n<strong>Formes d&#8217;Obtenci\u00f3:<\/strong> Les dades personals que tractem han estat obtingudes del mateix interessat\r\n\r\n<strong>Les categories de dades que es tracten s\u00f3n les seg\u00fcents:<\/strong>\r\n<ul>\r\n \t<li>Dades identificatives<\/li>\r\n \t<li>Dades de contacte<\/li>\r\n<\/ul>\r\nNo es tracten dades especialment protegides\r\n\r\n&nbsp;\r\n<h3>B. Coordinaci\u00f3 d&#8217;Activitats Empresarials i Prevenci\u00f3 de Riscos<\/h3>\r\n<strong>Finalitat: <\/strong>Prevenci\u00f3 de riscos laborals, coordinaci\u00f3 d&#8217;activitats empresarials i gesti\u00f3 del centre comercial\r\n\r\n<strong>Conservaci\u00f3: <\/strong>Les dades es conservaran durant els terminis de prescripci\u00f3 establerts per la Llei sobre infraccions i sancions a l&#8217;ordre social ( 4 anys)\r\n\r\n<strong>Legitimaci\u00f3: <\/strong>Compliment d&#8217;una obligaci\u00f3 legal. Art. 24 de la Llei 31\/1995 de Prevenci\u00f3 de Riscos Laborals i R.D. 171\/2004\r\n\r\n<strong>Destinataris: <\/strong>No est\u00e0 prevista la comunicaci\u00f3 de dades personals llevat dels sup\u00f2sits establerts per una obligaci\u00f3 legal.\r\n\r\n<strong>Formes d&#8217;obtenci\u00f3: <\/strong>Les dades personals que tractem han estat obtingudes del mateix interessat o el responsable legal de l&#8217;empresa\r\n\r\n<strong>Les categories de dades que es tracten s\u00f3n les seg\u00fcents:<\/strong>\r\n<ul>\r\n \t<li>Dades identificatives<\/li>\r\n \t<li>Dades de contacte<\/li>\r\n<\/ul>\r\nNo es tracten dades especialment protegides\r\n\r\n&nbsp;\r\n<h3>C. Contractes d&#8217;arrendament<\/h3>\r\n<strong>Finalitat: <\/strong>Gesti\u00f3 i execuci\u00f3 dels contractes d&#8217;arrendament de locals de negoci i espais comuns\r\n\r\n<strong>Conservaci\u00f3: <\/strong>Les dades es conservaran durant la durada del contracte d&#8217;arrendament i els quinze anys posteriors segons els terminis de prescripci\u00f3 establerts a la Llei d&#8217;Arrendaments Urbans\r\n\r\n<strong>Legitimaci\u00f3: <\/strong>Execuci\u00f3 del contracte d&#8217;arrendament subscrit entre les dues parts\r\n\r\n<strong>Destinataris: <\/strong>No est\u00e0 prevista la comunicaci\u00f3 de dades personals llevat dels sup\u00f2sits establerts per una obligaci\u00f3 legal.\r\n\r\n<strong>Formes d&#8217;obtenci\u00f3: <\/strong>Les dades personals que tractem han estat obtingudes del mateix interessat o el responsable legal de l&#8217;entitat arrendat\u00e0ria\r\n\r\n<strong>Les categories de dades que es tracten s\u00f3n les seg\u00fcents:<\/strong>\r\n<ul>\r\n \t<li>Dades identificatives<\/li>\r\n \t<li>Dades de contacte<\/li>\r\n \t<li>Dades de rendes i dades banc\u00e0ries<\/li>\r\n<\/ul>\r\nNo es tracten dades especialment protegides\r\n\r\n&nbsp;\r\n<h3>D. Prestaci\u00f3 de serveis<\/h3>\r\n<strong>Finalitat: <\/strong>Prestaci\u00f3 de serveis a usuaris del centre comercial (Ex. pr\u00e9stec de carrets, cadires, trones \u2026.etc)\r\n\r\n<strong>Conservaci\u00f3: <\/strong>Les dades es conservaran durant un per\u00edode m\u00e0xim de 1 any.\r\n\r\n<strong>Legitimaci\u00f3: <\/strong>Execuci\u00f3 del contracte de prestaci\u00f3 dels serveis sol\u00b7licitats per l&#8217;interessat.\r\n\r\n<strong>Destinataris: <\/strong>No est\u00e0 prevista la comunicaci\u00f3 de dades personals llevat dels sup\u00f2sits establerts per una obligaci\u00f3 legal.\r\n\r\n<strong>Formes d&#8217;Obtenci\u00f3: <\/strong>Les dades personals que tractem han estat obtingudes del mateix interessat\r\n\r\n<strong>Les categories de dades que es tracten s\u00f3n les seg\u00fcents:<\/strong>\r\n<ul>\r\n \t<li>Dades identificatives<\/li>\r\n \t<li>Dades de contacte<\/li>\r\n<\/ul>\r\nNo es tracten dades especialment protegides\r\n\r\n&nbsp;\r\n<h3>E. Queixes, Suggeriments i Reclamacions<\/h3>\r\n<strong>Finalitat: <\/strong>Les dades facilitades a trav\u00e9s dels formularis de queixes, suggeriments o reclamacions seran tractats per a la gesti\u00f3 de la queixa, suggeriment o reclamaci\u00f3 realitzada per l&#8217;interessat.\r\n\r\n<strong>Conservaci\u00f3: <\/strong>Les dades es conservaran durant 1 any. (Art. 1968 del Codi Civil) llevat que aquestes dades resultin necess\u00e0ries per fer front a una reclamaci\u00f3 o exercici de drets i en aquest cas es mantindran fins a la finalitzaci\u00f3 de la mateixa.\r\n\r\n<strong>Legitimaci\u00f3: <\/strong>La legitimaci\u00f3 del tractament es basa en la satisfacci\u00f3 d&#8217;inter\u00e8s leg\u00edtim pel Responsable del Tractament, consistent en la resposta i la millora de la satisfacci\u00f3 dels usuaris del centre que efectuen les seves queixes.\r\n\r\nPel que fa a les reclamacions que impliquin algun tipus de dany personal o patrimonial, la legitimaci\u00f3 per al tractament es basa en el compliment d&#8217;una obligaci\u00f3 legal (art. 1902 del Codi civil) i Llei 50\/1980 del contracte d&#8217;asseguran\u00e7a\r\n\r\n<strong>Destinataris: <\/strong>Les dades obtingudes de queixes i suggeriments no seran comunicades a tercers excepte en els sup\u00f2sits expressament amb temperats per la legislaci\u00f3 vigent.\r\n\r\nLes dades obtingudes de reclamacions seran comunicades a les companyies i corredories d&#8217;assegurances necess\u00e0ries per a la tramitaci\u00f3 de la reclamaci\u00f3, aix\u00ed com a la resta de sup\u00f2sits establerts per una obligaci\u00f3 legal\r\n\r\n<strong>Formes d&#8217;Obtenci\u00f3: <\/strong>Les dades personals que tractem han estat obtingudes del mateix interessat\r\n\r\n<strong>Les categories de dades que es tracten s\u00f3n les seg\u00fcents:<\/strong>\r\n<ul>\r\n \t<li>Dades identificatives<\/li>\r\n \t<li>Dades de contacte<\/li>\r\n \t<li>Dades relatives a la queixa o reclamaci\u00f3<\/li>\r\n \t<li>Danys personals patits (nom\u00e9s en reclamacions amb danys personals)<\/li>\r\n<\/ul>\r\nEn el sup\u00f2sit de reclamacions que incloguin danys personals, es poden tractar dades relatives a la salut de les persones. Ex. Parts de lesions.\r\n\r\n&nbsp;\r\n<h3>F. Servei de Ludoteca<\/h3>\r\n<strong>Finalitat: <\/strong>Les dades personals recollides a trav\u00e9s d&#8217;aquest servei seran tractades amb la finalitat de prestar i gestionar el servei de ludoteca\r\n\r\n<strong>Conservaci\u00f3: <\/strong>Les dades es conservaran durant un per\u00edode m\u00e0xim d&#8217;un any llevat que aquestes dades siguin necess\u00e0ries per fer front a una reclamaci\u00f3 o exercici de drets i en aquest cas es mantindran fins a la finalitzaci\u00f3 de la mateixa.\r\n\r\n<strong>Legitimaci\u00f3: <\/strong>La legitimaci\u00f3 del tractament es basa en l&#8217;execuci\u00f3 del contracte de prestaci\u00f3 dels serveis de ludoteca sol\u00b7licitats per l&#8217;interessat.\r\n\r\n<strong>Destinataris: <\/strong>No se cediran dades a tercers excepte obligaci\u00f3 legal\r\n\r\n<strong>Formes d&#8217;obtenci\u00f3: <\/strong>Les dades personals que tractem han estat obtingudes del mateix interessat i\/o pare, mare, tutor o cuidador del menor\r\n\r\n<strong>Les categories de dades que es tracten s\u00f3n les seg\u00fcents:<\/strong>\r\n<ul>\r\n \t<li>Dades identificatives del pare, mare, tutor o cuidador del menor<\/li>\r\n \t<li>Dades identificatives del menor<\/li>\r\n<\/ul>\r\nNo es tracten dades especialment protegides\r\n\r\n&nbsp;\r\n<h3>G. Esdeveniments, concursos, ofertes o promocions<\/h3>\r\n<strong>Finalitat: <\/strong>Les dades personals recollides a trav\u00e9s dels formularis de participaci\u00f3 en els esdeveniments, concursos o promocions seran tractades amb la finalitat de gestionar la participaci\u00f3 de l&#8217;interessat.\r\n\r\nIgualment, si ens proporciona el seu consentiment, emprarem les dades facilitades, amb la finalitat d&#8217;enviar-li informaci\u00f3 per via postal i\/o electr\u00f2nica sobre les activitats, ofertes i promocions del centre comercial o els negocis instal\u00b7lats al mateix.\r\n\r\n<strong>Conservaci\u00f3: <\/strong>Les dades personals per a l&#8217;enviament d&#8217;informaci\u00f3 es conservaran fins que no se sol\u00b7liciti la supressi\u00f3 per l&#8217;interessat. La resta dinformaci\u00f3 es conservar\u00e0 per un per\u00edode m\u00e0xim de cinc anys.\r\n\r\n<strong>Legitimaci\u00f3: <\/strong>El tractament de les vostres dades resulta necessari per a l&#8217;execuci\u00f3 d&#8217;obligacions contractuals derivades de la sol\u00b7licitud de l&#8217;interessat de participar en l&#8217;esdeveniment, concurs, oferta o promoci\u00f3 (Art. 6.1.b RGPD). La base legitimadora per al tractament de les vostres dades amb fins d&#8217;enviament d&#8217;informaci\u00f3 del Centre Comercial, ser\u00e0 el vostre consentiment (Art. 6.1.a) Quan aix\u00ed ho hagi autoritzat.\r\n\r\n<strong>Destinataris:<\/strong> No se cediran dades a tercers excepte obligaci\u00f3 legal\r\n\r\n<strong>Formes d&#8217;Obtenci\u00f3: <\/strong>Les dades personals que tractem han estat obtingudes del mateix interessat\r\n\r\n<strong>Les categories de dades que es tracten s\u00f3n les seg\u00fcents:<\/strong>\r\n<ul>\r\n \t<li>Dades identificatives i de contacte<\/li>\r\n<\/ul>\r\nNo es tracten dades especialment protegides\r\n\r\n&nbsp;\r\n<h3>H. Aplicaci\u00f3 M\u00f2bil<\/h3>\r\n<strong>Finalitat: <\/strong>Tractarem les dades personals dels usuaris de la nostra aplicaci\u00f3 m\u00f2bil amb la finalitat de facilitar-vos informaci\u00f3 sobre les novetats, ofertes, promocions, esdeveniments i concursos del centre comercial o els negocis instal\u00b7lats al mateix.\r\n\r\nSi permeteu a la nostra app accedir a la vostra ubicaci\u00f3, les dades que recullem seran tractades amb la finalitat d&#8217;informar-vos sobre ofertes, promocions, novetats, esdeveniments i promocions del nostre centre comercial.\r\n\r\nLes dades recollides a trav\u00e9s de la nostra app seran utilitzades per elaborar un perfil comercial en base a aquesta informaci\u00f3. Aquest perfil ser\u00e0 emprat per informar a l&#8217;interessat d&#8217;ofertes, promocions, novetats m\u00e9s ajustats als vostres gustos i interessos\r\n\r\n<strong>Conservaci\u00f3: <\/strong>Les dades personals de l&#8217;interessat es conservaran fins que no se sol\u00b7liciti la supressi\u00f3 per l&#8217;interessat.\r\n\r\n<strong>Legitimaci\u00f3: <\/strong>La legitimaci\u00f3 del tractament es basa en el consentiment de l&#8217;interessat facilitat durant el proc\u00e9s d&#8217;instal\u00b7laci\u00f3 de l&#8217;aplicaci\u00f3\r\n\r\n<strong>Destinataris: <\/strong>No se cediran dades a tercers excepte obligaci\u00f3 legal\r\n\r\n<strong>Formes d&#8217;obtenci\u00f3: <\/strong>Les dades personals que tractem han estat obtingudes del propi interessat\r\n\r\n<strong>Les categories de dades que es tracten s\u00f3n les seg\u00fcents:<\/strong>\r\n<ul>\r\n \t<li>Dades identificatives<\/li>\r\n \t<li>Dades de geoposicionament<\/li>\r\n<\/ul>\r\nNo es tracten dades especialment protegides\r\n\r\n&nbsp;\r\n<h3>I. Videovigil\u00e0ncia<\/h3>\r\n<strong>Finalitat: <\/strong>les dades personals recollides pel nostre sistema de videovigil\u00e0ncia seran tractades amb la finalitat de preservar la seguretat de les instal\u00b7lacions, b\u00e9ns i persones del Centre Comercial\r\n\r\n<strong>Conservaci\u00f3: <\/strong>les dades personals de l&#8217;interessat es conservaran durant un per\u00edode m\u00e0xim de 30 dies, llevat que aquestes dades resultin necess\u00e0ries per fer front a una reclamaci\u00f3 o exercici de drets i en aquest cas es mantindran fins a la finalitzaci\u00f3 de la mateixa\r\n\r\n<strong>Legitimaci\u00f3<\/strong>: La legitimaci\u00f3 del tractament es basa en l&#8217;inter\u00e8s leg\u00edtim del responsable del tractament (protecci\u00f3 d&#8217;instal\u00b7lacions, b\u00e9ns i persones del Centre Comercial\r\n\r\n<strong>Destinataris<\/strong>: En el sup\u00f2sit de comissi\u00f3 de fets delictius, les imatges obtingudes seran comunicades a les forces i cossos de seguretat de l&#8217;estat. Fora dels sup\u00f2sits esmentats no se cediran dades a tercers excepte obligaci\u00f3 legal\r\n\r\n<strong>Formes d&#8217;obtenci\u00f3<\/strong>:\r\n\r\nLes dades personals tractades van ser obtingudes del propi interessat a trav\u00e9s del sistema de videovigil\u00e0ncia\r\n\r\n<strong>Les categories de dades que es tracten s\u00f3n les seg\u00fcents<\/strong>:\r\n<ul>\r\n \t<li>Imatges<\/li>\r\n<\/ul>\r\nNo es tracten dades especialment protegides\r\n\r\n&nbsp;\r\n<h3>J. Subscriptors a la llista de correu electr\u00f2nic<\/h3>\r\n<strong>Finalitat: <\/strong>Enviar-li informaci\u00f3 del seu inter\u00e8s sobre activitats, ofertes i promocions del centre comercial o els negocis instal\u00b7lats al mateix.\r\n\r\nElaboraci\u00f3 d&#8217;un perfil comercial per remetre informaci\u00f3 adaptada als seus gustos i interessos sobre activitats, promocions i novetats del centre comercial m\u00e9s ajustades als seus gustos i interessos\r\n\r\n<strong>Conservaci\u00f3: <\/strong>Les dades personals de l&#8217;interessat es conservaran fins que no se sol\u00b7liciti la supressi\u00f3 per l&#8217;interessat.\r\n\r\n<strong>Legitimaci\u00f3: <\/strong>Consentiment de l&#8217;interessat\r\n\r\n<strong>Destinataris: <\/strong>No est\u00e0 prevista la comunicaci\u00f3 de dades personals llevat dels sup\u00f2sits establerts per una obligaci\u00f3 legal.\r\n\r\n<strong>Formes d&#8217;Obtenci\u00f3:<\/strong> Les dades personals que tractem han estat obtingudes del mateix interessat\r\n\r\n<strong>Les categories de dades que es tracten s\u00f3n les seg\u00fcents:<\/strong>\r\n<ul>\r\n \t<li>Dades identificatives<\/li>\r\n \t<li>Dades de contacte<\/li>\r\n<\/ul>\r\nNo es tracten dades especialment protegides\r\n\r\n&nbsp;\r\n<h3>K. Subscriptors a la llista de correu electr\u00f2nic subscrits amb anterioritat al 25 de maig de 2018<\/h3>\r\n<strong>Finalitat: <\/strong>Enviar-li informaci\u00f3 del seu inter\u00e8s sobre activitats, ofertes i promocions del centre comercial o els negocis instal\u00b7lats al mateix.\r\n\r\nElaboraci\u00f3 d&#8217;un perfil comercial per remetre informaci\u00f3 adaptada als seus gustos i interessos sobre activitats, promocions i novetats del centre comercial m\u00e9s ajustades als seus gustos i interessos\r\n\r\n<strong>Conservaci\u00f3: <\/strong>Les dades personals de l&#8217;interessat es conservaran fins que no se sol\u00b7liciti la supressi\u00f3 per l&#8217;interessat.\r\n\r\n<strong>Legitimaci\u00f3: <\/strong>Inter\u00e8s leg\u00edtim del responsable del tractament\r\n\r\n<strong>Destinataris:<\/strong> No est\u00e0 prevista la comunicaci\u00f3 de dades personals llevat dels sup\u00f2sits establerts per una obligaci\u00f3 legal.\r\n\r\n<strong>Formes d&#8217;Obtenci\u00f3: <\/strong>Les dades personals que tractem han estat obtingudes del mateix interessat\r\n\r\n<strong>Les categories de dades que es tracten s\u00f3n les seg\u00fcents:<\/strong>\r\n<ul>\r\n \t<li>Dades identificatives<\/li>\r\n \t<li>Dades de contacte<\/li>\r\n<\/ul>\r\nNo es tracten dades especialment protegides\r\n\r\n&nbsp;\r\n<h3>L. Usuaris del servei Wifi<\/h3>\r\n<strong>Finalitat: <\/strong>Les dades personals recollides a trav\u00e9s dels formularis de connexi\u00f3 al servei de wifi, seran tractades amb la finalitat de facilitar-vos l&#8217;acc\u00e9s i connexi\u00f3 al servei gratu\u00eft de wifi cortesia del Centre Comercial als seus clients.\r\n\r\nA m\u00e9s, si ens d\u00f3na el seu consentiment, utilitzarem les seves dades per enviar-li informaci\u00f3 del seu inter\u00e8s sobre activitats, ofertes i promocions del centre comercial o els negocis instal\u00b7lats al mateix\r\n\r\n<strong>Conservaci\u00f3: <\/strong>Les dades personals relatives als usuaris connectats al servei de wifi es conservaran durant un per\u00edode m\u00e0xim d&#8217;un any\r\n\r\nLes dades personals de l&#8217;interessat relatives a la tramesa d&#8217;informaci\u00f3 per via electr\u00f2nica d&#8217;activitats i informaci\u00f3 del centre comercial es conservaran fins que no se sol\u00b7liciti la supressi\u00f3 per l&#8217;interessat.\r\n\r\n<strong>Legitimaci\u00f3: <\/strong>La legitimaci\u00f3 del tractament es basa en l&#8217;execuci\u00f3 del contracte de prestaci\u00f3 del servei de wifi a clients del centre comercial\r\n\r\n<strong>Destinataris: <\/strong>No se cediran dades a tercers excepte obligaci\u00f3 legal\r\n\r\n<strong>Formes d&#8217;Obtenci\u00f3: <\/strong>Les dades personals que tractem han estat obtingudes del mateix interessat\r\n\r\n<strong>Les categories de dades que es tracten s\u00f3n les seg\u00fcents:<\/strong>\r\n<ul>\r\n \t<li>Dades identificatives<\/li>\r\n \t<li>Dades identificatives del terminal o equip des del qual es connecta<\/li>\r\n<\/ul>\r\nNo es tracten dades especialment protegides\r\n\r\n&nbsp;\r\n<h3>M. Xarxes Socials<\/h3>\r\n<strong>Finalitat: <\/strong>Com que el Centre Comercial Espai Mediterrani disposa de comptes o perfils en diferents xarxes socials, us informem que les dades obtingudes a trav\u00e9s d&#8217;aquesta activitat seran tractades dins de la pr\u00f2pia xarxa social amb la finalitat d&#8217;interactuar i mantenir el contacte i informaci\u00f3 amb els seguidors.\r\n\r\nEn cas que es programin activitats en aquestes xarxes socials que impliqui un tractament diferent de les dades dels interessats, s&#8217;informar\u00e0 de la pol\u00edtica de privadesa aplicable a aquest tractament.\r\n\r\n<strong>Conservaci\u00f3: <\/strong>Les dades personals obtingudes de seguidors es mantindran mentre l&#8217;interessat romangui interessat en els continguts generats pels nostres comptes o xarxes socials i romangui com a seguidor de la mateixa.\r\n\r\n<strong>Legitimaci\u00f3: <\/strong>La legitimaci\u00f3 del tractament es basa en el consentiment inequ\u00edvoc de l&#8217;usuari.\r\n\r\n<strong>Destinataris: <\/strong>No se cediran dades a tercers excepte obligaci\u00f3 legal\r\n\r\n<strong>Formes d&#8217;Obtenci\u00f3: <\/strong>Les dades personals que tractem han estat obtingudes anat del propi interessat\r\n\r\n<strong>Les categories de dades que es tracten s\u00f3n les seg\u00fcents:<\/strong>\r\n<ul>\r\n \t<li>Dades identificatives<\/li>\r\n<\/ul>\r\nNo es tracten dades especialment protegides\r\n\r\n&nbsp;\r\n<h3>N. Objectes Perduts<\/h3>\r\n<strong>Finalitat: <\/strong>Gesti\u00f3 del servei d&#8217;objectes perduts\r\n\r\n<strong>Conservaci\u00f3: <\/strong>Durant el temps necessari per a la finalitat per a la qual han estat recollides les dades\r\n\r\n<strong>Legitimaci\u00f3:<\/strong> Inter\u00e8s leg\u00edtim\r\n\r\n<strong>Destinataris: <\/strong>No est\u00e0 prevista la comunicaci\u00f3 de dades personals llevat dels sup\u00f2sits establerts per una obligaci\u00f3 legal.\r\n\r\n<strong>Formes d&#8217;Obtenci\u00f3: <\/strong>Les dades personals que tractem han estat obtingudes del mateix interessat\r\n\r\n<strong>Les categories de dades que es tracten s\u00f3n les seg\u00fcents:<\/strong>\r\n<ul>\r\n \t<li>Dades identificatives<\/li>\r\n \t<li>Dades de contacte<\/li>\r\n \t<li>Dades dels objectes perduts i lliurats<\/li>\r\n<\/ul>\r\nNo es tracten dades especialment protegides\r\n\r\n&nbsp;\r\n<h3>O. Informaci\u00f3 i Reserva d&#8217;Espais Comuns<\/h3>\r\n<strong>Finalitat: <\/strong>Respondre a la vostra sol\u00b7licitud d&#8217;informaci\u00f3 i, si escau, gesti\u00f3 de la relaci\u00f3 negocial sol\u00b7licitada per l&#8217;interessat.\r\n\r\n<strong>Conservaci\u00f3: <\/strong>Les dades personals del candidat es conservaran fins que no se sol\u00b7liciti la supressi\u00f3 per l&#8217;interessat.\r\n\r\n<strong>Legitimaci\u00f3: <\/strong>Aplicaci\u00f3 de mesures precontractuals a sol\u00b7licitud de linteressat. Art. 6.1.b RGPD.\r\n\r\n<strong>Destinataris: <\/strong>Si ho autoritzeu, les vostres dades seran comunicades als responsables dels actius als quals sol\u00b7licite informaci\u00f3 sobre la disponibilitat d&#8217;espais.\r\n\r\n<strong>Formes d&#8217;Obtenci\u00f3: <\/strong>Les dades personals que tractem s\u00f3n obtingudes del propi interessat\r\n\r\n<strong>Les categories de dades que es tracten s\u00f3n les seg\u00fcents:<\/strong>\r\n<ul>\r\n \t<li>Dades identificatives.<\/li>\r\n \t<li>Dades de contacte<\/li>\r\n \t<li>Dades dactivitat comercial<\/li>\r\n \t<li>No es tracten dades especialment protegides<\/li>\r\n<\/ul>\r\n&nbsp;\r\n<h2>Drets de l&#8217;interessat<\/h2>\r\nTeniu dret a obtenir confirmaci\u00f3 sobre si estem tractant dades personals que us concerneixin\r\n\r\nLes persones interessades tenen dret a accedir a les seves dades personals, aix\u00ed com a sol\u00b7licitar la rectificaci\u00f3 de les dades inexactes o, si escau, sol\u00b7licitar la seva supressi\u00f3 quan entre altres motius, les dades ja no siguin necess\u00e0ries per als fins que van ser recollides.\r\n\r\nEn determinades circumst\u00e0ncies, els interessats podran sol\u00b7licitar la limitaci\u00f3 del tractament de les seves dades, cas en qu\u00e8 \u00fanicament les conservarem per a l&#8217;exercici o defensa de reclamacions.\r\n\r\nEn determinades circumst\u00e0ncies i per motius relacionats amb la seva situaci\u00f3 particular, els interessats es poden oposar al tractament de les seves dades. En aquests sup\u00f2sits no es tractaran les vostres dades excepte per motius leg\u00edtims o l&#8217;exercici o defensa de possibles reclamacions.\r\n\r\nEn determinades circumst\u00e0ncies, tindreu dret a rebre les dades personals que us incumbeixin en un format estructurat d&#8217;\u00fas com\u00fa i lectura mec\u00e0nica\r\n\r\nPodeu exercir els vostres drets a trav\u00e9s dels mitjans de contacte indicats en aquesta pol\u00edtica (Adre\u00e7a de correu electr\u00f2nic o personalment a les nostres instal\u00b7lacions), aix\u00ed com obtenir m\u00e9s informaci\u00f3 sobre els vostres drets i accedir a models per al vostre exercici a la seg\u00fcent adre\u00e7a web:\r\n\r\n<a href=\"https:\/\/www.agpd.es\/\" target=\"_blank\" rel=\"noopener\">https:\/\/www.agpd.es\/<\/a>\r\n\r\nAix\u00ed mateix, us informem del vostre dret a presentar una reclamaci\u00f3 davant l&#8217;Ag\u00e8ncia Espanyola de Protecci\u00f3 de Dades si la petici\u00f3 d&#8217;exercici d&#8217;algun dret no ha estat satisfeta correctament o si per qualsevol altre motiu considera que les vostres dades personals no estan sent tractades correctament. Per fer-ho, podeu adre\u00e7ar-vos a la seg\u00fcent adre\u00e7a web\r\n\r\n<a href=\"https:\/\/sedeagpd.gob.es\/\" target=\"_blank\" rel=\"noopener\">https:\/\/sedeagpd.gob.es\/<\/a>\r\n\r\n&nbsp;\r\n<h2>Versi\u00f3<\/h2>\r\nAquesta pol\u00edtica de privadesa \u00e9s de data 01\/06\/2024 i qualsevol modificaci\u00f3 dels seus termes ser\u00e0 publicada en aquesta p\u00e0gina web.[\/vc_column_text][\/vc_column][\/vc_row]<\/div>","protected":false},"excerpt":{"rendered":"<p>[vc_row][vc_column][vc_column_text css=&#8221;&#8221;] Responsable del Tractament Responsable del Tractament: Comunitat de Propietaris Avd. Diagonal N\u00ba3, (Centre Comercial Diagonal Mar) Adre\u00e7a Postal: Avd. Diagonal n\u00ba3. C.P. 08019 Barcelona. Tel\u00e8fon: 93 567 76 41 Email: privacitat@diagonalmarcentre.es &nbsp; Tractaments Comunitat de Propietaris Avd. Diagonal N\u00ba3, (Centre Comercial Diagonal Mar) \u00fanicament tracta les dades de car\u00e0cter personal que a continuaci\u00f3 [&hellip;]<\/p>\n","protected":false},"author":3,"featured_media":0,"parent":0,"menu_order":164,"comment_status":"closed","ping_status":"closed","template":"","meta":{"inline_featured_image":false,"_joinchat":[],"footnotes":""},"class_list":["post-38845","page","type-page","status-publish","hentry"],"featured_img_url":"","publishpress_future_workflow_manual_trigger":{"enabledWorkflows":[]},"_links":{"self":[{"href":"https:\/\/www.diagonalmarcentre.es\/ca\/wp-json\/wp\/v2\/pages\/38845","targetHints":{"allow":["GET"]}}],"collection":[{"href":"https:\/\/www.diagonalmarcentre.es\/ca\/wp-json\/wp\/v2\/pages"}],"about":[{"href":"https:\/\/www.diagonalmarcentre.es\/ca\/wp-json\/wp\/v2\/types\/page"}],"author":[{"embeddable":true,"href":"https:\/\/www.diagonalmarcentre.es\/ca\/wp-json\/wp\/v2\/users\/3"}],"replies":[{"embeddable":true,"href":"https:\/\/www.diagonalmarcentre.es\/ca\/wp-json\/wp\/v2\/comments?post=38845"}],"version-history":[{"count":0,"href":"https:\/\/www.diagonalmarcentre.es\/ca\/wp-json\/wp\/v2\/pages\/38845\/revisions"}],"wp:attachment":[{"href":"https:\/\/www.diagonalmarcentre.es\/ca\/wp-json\/wp\/v2\/media?parent=38845"}],"curies":[{"name":"wp","href":"https:\/\/api.w.org\/{rel}","templated":true}]}}